{"id":22990,"date":"2024-09-25T09:42:04","date_gmt":"2024-09-25T07:42:04","guid":{"rendered":"https:\/\/italiansublimefood.com\/product\/musa-ipa-brauerei-17\/"},"modified":"2025-05-05T10:02:48","modified_gmt":"2025-05-05T08:02:48","slug":"musa-ipa-brauerei-17","status":"publish","type":"product","link":"https:\/\/italiansublimefood.com\/de\/produkt\/musa-ipa-brauerei-17\/","title":{"rendered":"Musa Ipa &#8211; Brauerei 17"},"content":{"rendered":"","protected":false},"excerpt":{"rendered":"<p>Britische Schiffe, die nach Indien segelten <strong>, brauchten vor allem eines: Bier!<\/strong> Und das musste lange haltbar sein. Aus diesem Bed\u00fcrfnis heraus begannen sie, <strong>den Hopfengehalt zu erh\u00f6hen<\/strong>, was zu einem Stil f\u00fchrte, der nach und nach alle \u00fcberzeugte. Unsere Interpretation des India Pale Ale beh\u00e4lt den stark bitteren Charakter bei, f\u00fcgt aber dank der Verwendung von amerikanischem Hopfen <strong>frische Noten von tropischen Fr\u00fcchten<\/strong> hinzu. Musa ist ein Bier, das<strong> inspiriert, verbl\u00fcfft und verzaubert<\/strong> und Sie dazu verleitet, es Schluck f\u00fcr Schluck zu genie\u00dfen. Schluck f\u00fcr Schluck die angeborene Frische. Alc. 5,5% Vol. 33cl.      <\/p>\n","protected":false},"featured_media":20666,"template":"","meta":[],"product_brand":[],"product_cat":[15],"product_tag":[],"class_list":{"0":"post-22990","1":"product","2":"type-product","3":"status-publish","4":"has-post-thumbnail","6":"product_cat-salumi-e-carni","8":"first","9":"instock","10":"taxable","11":"shipping-taxable","12":"purchasable","13":"product-type-simple"},"_links":{"self":[{"href":"https:\/\/italiansublimefood.com\/de\/wp-json\/wp\/v2\/product\/22990","targetHints":{"allow":["GET"]}}],"collection":[{"href":"https:\/\/italiansublimefood.com\/de\/wp-json\/wp\/v2\/product"}],"about":[{"href":"https:\/\/italiansublimefood.com\/de\/wp-json\/wp\/v2\/types\/product"}],"wp:featuredmedia":[{"embeddable":true,"href":"https:\/\/italiansublimefood.com\/de\/wp-json\/wp\/v2\/media\/20666"}],"wp:attachment":[{"href":"https:\/\/italiansublimefood.com\/de\/wp-json\/wp\/v2\/media?parent=22990"}],"wp:term":[{"taxonomy":"product_brand","embeddable":true,"href":"https:\/\/italiansublimefood.com\/de\/wp-json\/wp\/v2\/product_brand?post=22990"},{"taxonomy":"product_cat","embeddable":true,"href":"https:\/\/italiansublimefood.com\/de\/wp-json\/wp\/v2\/product_cat?post=22990"},{"taxonomy":"product_tag","embeddable":true,"href":"https:\/\/italiansublimefood.com\/de\/wp-json\/wp\/v2\/product_tag?post=22990"}],"curies":[{"name":"wp","href":"https:\/\/api.w.org\/{rel}","templated":true}]}}