{"id":22948,"date":"2024-09-26T09:23:51","date_gmt":"2024-09-26T07:23:51","guid":{"rendered":"https:\/\/italiansublimefood.com\/product\/geraeucherter-thunfisch-300gr-tonnomaremio\/"},"modified":"2025-05-05T10:02:46","modified_gmt":"2025-05-05T08:02:46","slug":"geraeucherter-thunfisch-300gr-tonnomaremio","status":"publish","type":"product","link":"https:\/\/italiansublimefood.com\/de\/produkt\/geraeucherter-thunfisch-300gr-tonnomaremio\/","title":{"rendered":"Ger\u00e4ucherter Thunfisch 300gr &#8211; TONNOMAREMIO"},"content":{"rendered":"","protected":false},"excerpt":{"rendered":"<p><strong>&#8211; Ein Produkt der Spitzenklasse<\/strong><\/p>\n<p>&#8211; Durch die sorgf\u00e4ltige Auswahl und Verarbeitung der Rohstoffe beh\u00e4lt unser ger\u00e4ucherter Thunfisch alle seine organoleptischen und ern\u00e4hrungsphysiologischen Eigenschaften. Die Reifung von ger\u00e4uchertem Thunfisch erfolgt mit Hilfe <strong>innovativer Maschinen<\/strong>, die eine Reihe von Mikroklimata reproduzieren, die ideal f\u00fcr die Reifung von Fisch sind. VERWENDUNGSWEISE: Der Thunfisch wird langsam ger\u00e4uchert, um seinen <strong>charakteristischen Geschmack<\/strong> zu bewahren. Ein Produkt, das auf der Zunge zergeht, ideal als Vorspeise oder als Hauptgericht in Begleitung eines Contorto. Die Verwendung von reinem Meersalz und das langsame R\u00e4uchern machen dieses Produkt zart am Gaumen, schmackhaft und nat\u00fcrlich. Ideal als Vorspeise oder als Hauptgericht mit einer Beilage zu servieren.   <\/p>\n<p style=\"font-style: var(--font-heading-style); font-weight: var(--font-heading-weight);\">&#8211; ZUS\u00c4TZLICHE INFORMATIONEN: Unser ger\u00e4ucherter Thunfisch beh\u00e4lt alle seine organoleptischen und ern\u00e4hrungsphysiologischen Eigenschaften. <strong>Er enth\u00e4lt keine Konservierungsstoffe oder andere zus\u00e4tzliche Substanzen. <\/strong><strong>ZUTATEN: <\/strong>Thunfisch<em>(Thunnus albacares<\/em>), Salz und nat\u00fcrlicher Rauch. <strong>ALLERGIEN: <\/strong>Fisch (Thunfisch). <strong>VERPACKUNG: <\/strong>Vakuumverpackter Beutel. <strong>ORGANOLEPTISCHE EIGENSCHAFTEN: <\/strong>Aussehen: angenehm, Farbe: r\u00f6tlich, Geruch: leichter Rauch, Geschmack: leichter Rauch. <strong>LAGERUNG: <\/strong>Vor dem \u00d6ffnen zwischen 0\u00b0C und 4\u00b0C lagern. Nach dem \u00d6ffnen zwischen 0\u00b0C und 4\u00b0C aufbewahren. Innerhalb von 3 Tagen verbrauchen. <strong>ERN\u00c4HRUNGSWERT (Durchschnittswerte pro 100g des Produkts): <\/strong>ENERGIE KJ\/Kcal: 780\/184, FETTE: 1,0g, davon ges\u00e4ttigte Fetts\u00e4uren: 1,0g, KARBONS\u00c4URE: 1,0g, davon Zucker: 1,0g, PROTEINE: 45,0g, SALZ: 8,0g. <strong>MIKROBIOLOGISCHE MERKMALE (Grenz- und Referenzwerte) <\/strong> &lt; &lt; &lt;CMBT: 5\u00d710(6)cfu\/g, ENTEROBACTERIACE: 5\u00d710(3)cfu\/g, STAPHYLOCOCKS COAGULASE: 5 x 10(2) cfu\/g, SALMONELLA SPP: Nicht vorhanden\/25g, LISTERIA MONOCYTOGENES: Nicht vorhanden\/25g.<strong>CHEMISCHE\/PHYSIKALISCHE EIGENSCHAFTEN (Grenzwerte) <\/strong> &lt;SALMONELLA: 100mg\/kg<strong>.<\/strong>   <\/p>\n","protected":false},"featured_media":20934,"template":"","meta":[],"product_brand":[],"product_cat":[15],"product_tag":[281],"class_list":{"0":"post-22948","1":"product","2":"type-product","3":"status-publish","4":"has-post-thumbnail","6":"product_cat-salumi-e-carni","7":"product_tag-tonno-mare-mio","9":"first","10":"instock","11":"taxable","12":"shipping-taxable","13":"purchasable","14":"product-type-simple"},"_links":{"self":[{"href":"https:\/\/italiansublimefood.com\/de\/wp-json\/wp\/v2\/product\/22948","targetHints":{"allow":["GET"]}}],"collection":[{"href":"https:\/\/italiansublimefood.com\/de\/wp-json\/wp\/v2\/product"}],"about":[{"href":"https:\/\/italiansublimefood.com\/de\/wp-json\/wp\/v2\/types\/product"}],"wp:featuredmedia":[{"embeddable":true,"href":"https:\/\/italiansublimefood.com\/de\/wp-json\/wp\/v2\/media\/20934"}],"wp:attachment":[{"href":"https:\/\/italiansublimefood.com\/de\/wp-json\/wp\/v2\/media?parent=22948"}],"wp:term":[{"taxonomy":"product_brand","embeddable":true,"href":"https:\/\/italiansublimefood.com\/de\/wp-json\/wp\/v2\/product_brand?post=22948"},{"taxonomy":"product_cat","embeddable":true,"href":"https:\/\/italiansublimefood.com\/de\/wp-json\/wp\/v2\/product_cat?post=22948"},{"taxonomy":"product_tag","embeddable":true,"href":"https:\/\/italiansublimefood.com\/de\/wp-json\/wp\/v2\/product_tag?post=22948"}],"curies":[{"name":"wp","href":"https:\/\/api.w.org\/{rel}","templated":true}]}}