{"id":22936,"date":"2024-09-26T09:16:37","date_gmt":"2024-09-26T07:16:37","guid":{"rendered":"https:\/\/italiansublimefood.com\/product\/mittelmeer-blauflossenthunfisch-tarantel-gramm-350-tonnomaremio\/"},"modified":"2025-05-05T10:02:45","modified_gmt":"2025-05-05T08:02:45","slug":"mittelmeer-blauflossenthunfisch-tarantel-gramm-350-tonnomaremio","status":"publish","type":"product","link":"https:\/\/italiansublimefood.com\/de\/produkt\/mittelmeer-blauflossenthunfisch-tarantel-gramm-350-tonnomaremio\/","title":{"rendered":"MITTELMEER BLAUFLOSSENTHUNFISCH TARANTEL GRAMM 350 &#8211; TONNOMAREMIO"},"content":{"rendered":"","protected":false},"excerpt":{"rendered":"<p>&#8211; Der <strong>Tarantello<\/strong> ist einer der wertvollsten Teile des Thunfischs und sein Fleisch wirkt sehr zart auf den Gaumen. In der Dosenverpackung, die sich ideal zur Aufbewahrung feiner Speisen eignet, k\u00f6nnen Sie ein typisches Produkt der sizilianischen kulinarischen Tradition genie\u00dfen. Der Blauflossenthunfisch aus dem Mittelmeer ist die begehrteste und wertvollste Thunfischart in unseren Meeren. Er wird nach den Regeln der bewussten und ethischen Fischerei gefischt.    VERWENDUNGSWEISE: Der Geschmack des Tarantello ist sehr lecker und delikat. Sein Fleisch ist sehr zart und schmackhaft, perfekt, um es im Ganzen zu genie\u00dfen. <strong>Mediterraner Roter Thunfisch Tarantello<\/strong> eignet sich hervorragend als Vorspeise oder als Alternative zu einem Hauptgericht mit Fisch. ZUS\u00c4TZLICHE INFORMATIONEN:<strong>Der Tarantello<\/strong><span> ist einer der wertvollsten Teile des Thunfischs und sein Fleisch ist sehr zart im Geschmack. <\/span><strong>ZUTATEN: <\/strong>Roter Thunfisch Tarantello<em>(Thunnus Thynnus<\/em>), Oliven\u00f6l, Salz. <strong>ALLERGIEN: <\/strong>Fisch (Thunfisch). <strong>VERPACKUNG: <\/strong>Dose. <strong>ORGANOLEPTISCHE EIGENSCHAFTEN: <\/strong>Aussehen: typisch, Farbe: charakteristisch, Geruch: typisch, angenehm, Geschmack: ausgepr\u00e4gt. <strong>LAGERUNG: <\/strong>K\u00fchl und trocken lagern. Nach dem \u00d6ffnen im K\u00fchlschrank aufbewahren und innerhalb von 3 Tagen verbrauchen. <strong>ERN\u00c4HRUNGSWERTE (Durchschnittswerte pro 100g des Produkts): <\/strong>ENERGIE KJ\/Kcal: 1580\/378, FETTE: 31,3g, davon ges\u00e4ttigte Fetts\u00e4uren: 13,0g, KARBONS\u00c4URE: 0,0g, davon Zucker: 0,0g, PROTEINE: 23,5g, SALZ: 1,21g, BASERSTOFFE: 0,0g.    <\/p>\n","protected":false},"featured_media":20930,"template":"","meta":[],"product_brand":[],"product_cat":[15],"product_tag":[281],"class_list":{"0":"post-22936","1":"product","2":"type-product","3":"status-publish","4":"has-post-thumbnail","6":"product_cat-salumi-e-carni","7":"product_tag-tonno-mare-mio","9":"first","10":"instock","11":"taxable","12":"shipping-taxable","13":"purchasable","14":"product-type-simple"},"_links":{"self":[{"href":"https:\/\/italiansublimefood.com\/de\/wp-json\/wp\/v2\/product\/22936","targetHints":{"allow":["GET"]}}],"collection":[{"href":"https:\/\/italiansublimefood.com\/de\/wp-json\/wp\/v2\/product"}],"about":[{"href":"https:\/\/italiansublimefood.com\/de\/wp-json\/wp\/v2\/types\/product"}],"wp:featuredmedia":[{"embeddable":true,"href":"https:\/\/italiansublimefood.com\/de\/wp-json\/wp\/v2\/media\/20930"}],"wp:attachment":[{"href":"https:\/\/italiansublimefood.com\/de\/wp-json\/wp\/v2\/media?parent=22936"}],"wp:term":[{"taxonomy":"product_brand","embeddable":true,"href":"https:\/\/italiansublimefood.com\/de\/wp-json\/wp\/v2\/product_brand?post=22936"},{"taxonomy":"product_cat","embeddable":true,"href":"https:\/\/italiansublimefood.com\/de\/wp-json\/wp\/v2\/product_cat?post=22936"},{"taxonomy":"product_tag","embeddable":true,"href":"https:\/\/italiansublimefood.com\/de\/wp-json\/wp\/v2\/product_tag?post=22936"}],"curies":[{"name":"wp","href":"https:\/\/api.w.org\/{rel}","templated":true}]}}