{"id":22906,"date":"2024-09-25T12:48:46","date_gmt":"2024-09-25T10:48:46","guid":{"rendered":"https:\/\/italiansublimefood.com\/product\/morelloaustera-geschenkbox-morelloaustera\/"},"modified":"2025-05-05T10:02:38","modified_gmt":"2025-05-05T08:02:38","slug":"morelloaustera-geschenkbox-morelloaustera","status":"publish","type":"product","link":"https:\/\/italiansublimefood.com\/de\/produkt\/morelloaustera-geschenkbox-morelloaustera\/","title":{"rendered":"MorelloAustera Geschenkbox &#8211; morelloAustera"},"content":{"rendered":"","protected":false},"excerpt":{"rendered":"<p>&#8211; Die MorelloAustera Geschenkbox ist ideal f\u00fcr Weihnachten und f\u00fcr alle besonderen Anl\u00e4sse, bei denen Sie die gesamte Produktpalette des Unternehmens genie\u00dfen m\u00f6chten. Sie enth\u00e4lt eine 500-ml-Flasche Vino&amp;Visciole, drei 225-g-Konfit\u00fcren, die der Kunde aus allen vom Unternehmen angebotenen Geschmacksrichtungen ausw\u00e4hlen kann, und eine 335-g-Packung Amarena di Cantiano. <\/p>\n","protected":false},"featured_media":20872,"template":"","meta":[],"product_brand":[],"product_cat":[15],"product_tag":[270],"class_list":{"0":"post-22906","1":"product","2":"type-product","3":"status-publish","4":"has-post-thumbnail","6":"product_cat-salumi-e-carni","7":"product_tag-morello-austera","9":"first","10":"instock","11":"taxable","12":"shipping-taxable","13":"purchasable","14":"product-type-simple"},"_links":{"self":[{"href":"https:\/\/italiansublimefood.com\/de\/wp-json\/wp\/v2\/product\/22906","targetHints":{"allow":["GET"]}}],"collection":[{"href":"https:\/\/italiansublimefood.com\/de\/wp-json\/wp\/v2\/product"}],"about":[{"href":"https:\/\/italiansublimefood.com\/de\/wp-json\/wp\/v2\/types\/product"}],"wp:featuredmedia":[{"embeddable":true,"href":"https:\/\/italiansublimefood.com\/de\/wp-json\/wp\/v2\/media\/20872"}],"wp:attachment":[{"href":"https:\/\/italiansublimefood.com\/de\/wp-json\/wp\/v2\/media?parent=22906"}],"wp:term":[{"taxonomy":"product_brand","embeddable":true,"href":"https:\/\/italiansublimefood.com\/de\/wp-json\/wp\/v2\/product_brand?post=22906"},{"taxonomy":"product_cat","embeddable":true,"href":"https:\/\/italiansublimefood.com\/de\/wp-json\/wp\/v2\/product_cat?post=22906"},{"taxonomy":"product_tag","embeddable":true,"href":"https:\/\/italiansublimefood.com\/de\/wp-json\/wp\/v2\/product_tag?post=22906"}],"curies":[{"name":"wp","href":"https:\/\/api.w.org\/{rel}","templated":true}]}}