{"id":22892,"date":"2024-09-25T12:09:38","date_gmt":"2024-09-25T10:09:38","guid":{"rendered":"https:\/\/italiansublimefood.com\/product\/natuerliche-tuna-fillets-180gr-tonnomaremio\/"},"modified":"2025-05-05T10:02:38","modified_gmt":"2025-05-05T08:02:38","slug":"natuerliche-tuna-fillets-180gr-tonnomaremio","status":"publish","type":"product","link":"https:\/\/italiansublimefood.com\/de\/produkt\/natuerliche-tuna-fillets-180gr-tonnomaremio\/","title":{"rendered":"NAT\u00dcRLICHE TUNA FILLETS 180gr &#8211; TONNOMAREMIO"},"content":{"rendered":"","protected":false},"excerpt":{"rendered":"<p>Thunfischfilets al Naturale werden nur aus ausgew\u00e4hltem Rohmaterial hergestellt, das nach Technik und Erfahrung verarbeitet wird. Die hohe Qualit\u00e4t ist das Ergebnis der sorgf\u00e4ltigen Auswahl der Thunfischfilets, die nach den \u00e4ltesten Traditionen, die von Generation zu Generation weitergegeben werden, vollst\u00e4ndig von Hand verarbeitet werden. <strong>Verwendung<\/strong>: Der Geschmack der Thunfischfilets al Naturale ist einfach und umh\u00fcllend, mit einem kompakten Aussehen und einer weichen Textur am Gaumen. Die Thunfisch-Filets al Naturale sind ein \u00e4u\u00dferst vielseitiges Produkt, das sich ideal zum puren Verzehr, als Beilage zu Salaten oder als Gew\u00fcrz f\u00fcr Pasta eignet. <strong>ZUS\u00c4TZLICHE INFORMATIONEN:<\/strong> Thunfischfilets al Naturale werden nur aus ausgew\u00e4hlten Rohstoffen hergestellt, die nach Technik und Erfahrung verarbeitet werden. Frei von St\u00e4rke und Konservierungsstoffen. <strong>ZUTATEN:<\/strong> Thunfischfilets (Thunnus albacares), Wasser, Meersalz. <strong>ALLERGIEN:<\/strong> Fisch (Thunfisch). <strong>VERPACKUNG:<\/strong> Glasgef\u00e4\u00df. <strong>ORGANOLEPTISCHE EIGENSCHAFTEN:<\/strong> Aussehen: typisch, Farbe: typisch, intensiv fischig, Geschmack: typisch, intensiv fischig. <strong>LAGERUNG:<\/strong> An einem k\u00fchlen, trockenen Ort aufbewahren. Nach dem \u00d6ffnen im K\u00fchlschrank aufbewahren und innerhalb von 2 Tagen verbrauchen. <strong>ERN\u00c4HRUNGSWERTE<\/strong>: (Durchschnittswerte pro 100g Produkt): ENERGIE KJ\/Kcal: 435\/130, FETTE: 0,1g, davon ges\u00e4ttigte Fetts\u00e4uren: 0,0g, KARBONS\u00c4UREN: 0,0g, davon Zucker: 0,0g, PROTEINE: 25g, SALZ: 1,2g, BASERSTOFFE: 0,0g.    <\/p>\n","protected":false},"featured_media":20822,"template":"","meta":[],"product_brand":[],"product_cat":[15],"product_tag":[281],"class_list":{"0":"post-22892","1":"product","2":"type-product","3":"status-publish","4":"has-post-thumbnail","6":"product_cat-salumi-e-carni","7":"product_tag-tonno-mare-mio","9":"first","10":"instock","11":"taxable","12":"shipping-taxable","13":"purchasable","14":"product-type-simple"},"_links":{"self":[{"href":"https:\/\/italiansublimefood.com\/de\/wp-json\/wp\/v2\/product\/22892","targetHints":{"allow":["GET"]}}],"collection":[{"href":"https:\/\/italiansublimefood.com\/de\/wp-json\/wp\/v2\/product"}],"about":[{"href":"https:\/\/italiansublimefood.com\/de\/wp-json\/wp\/v2\/types\/product"}],"wp:featuredmedia":[{"embeddable":true,"href":"https:\/\/italiansublimefood.com\/de\/wp-json\/wp\/v2\/media\/20822"}],"wp:attachment":[{"href":"https:\/\/italiansublimefood.com\/de\/wp-json\/wp\/v2\/media?parent=22892"}],"wp:term":[{"taxonomy":"product_brand","embeddable":true,"href":"https:\/\/italiansublimefood.com\/de\/wp-json\/wp\/v2\/product_brand?post=22892"},{"taxonomy":"product_cat","embeddable":true,"href":"https:\/\/italiansublimefood.com\/de\/wp-json\/wp\/v2\/product_cat?post=22892"},{"taxonomy":"product_tag","embeddable":true,"href":"https:\/\/italiansublimefood.com\/de\/wp-json\/wp\/v2\/product_tag?post=22892"}],"curies":[{"name":"wp","href":"https:\/\/api.w.org\/{rel}","templated":true}]}}