{"id":22890,"date":"2024-09-25T12:23:29","date_gmt":"2024-09-25T10:23:29","guid":{"rendered":"https:\/\/italiansublimefood.com\/product\/orangenmarmelade-270g-morelloaustera\/"},"modified":"2025-05-05T10:02:37","modified_gmt":"2025-05-05T08:02:37","slug":"orangenmarmelade-270g-morelloaustera","status":"publish","type":"product","link":"https:\/\/italiansublimefood.com\/de\/produkt\/orangenmarmelade-270g-morelloaustera\/","title":{"rendered":"Orangenmarmelade 270g &#8211; morelloAustera"},"content":{"rendered":"","protected":false},"excerpt":{"rendered":"<p>CentoPerCento Konfit\u00fcren und Marmeladen werden aus Fr\u00fcchten, Zucker und nat\u00fcrlichem Pektin aus Fr\u00fcchten hergestellt.<br \/>\nIdeal f\u00fcr die t\u00e4gliche Verwendung von Konfit\u00fcren zum Fr\u00fchst\u00fcck und f\u00fcr Desserts in der B\u00e4ckerei, insbesondere zum F\u00fcllen von Torten.<\/p>\n","protected":false},"featured_media":20795,"template":"","meta":[],"product_brand":[],"product_cat":[15],"product_tag":[270],"class_list":{"0":"post-22890","1":"product","2":"type-product","3":"status-publish","4":"has-post-thumbnail","6":"product_cat-salumi-e-carni","7":"product_tag-morello-austera","9":"first","10":"instock","11":"taxable","12":"shipping-taxable","13":"purchasable","14":"product-type-simple"},"_links":{"self":[{"href":"https:\/\/italiansublimefood.com\/de\/wp-json\/wp\/v2\/product\/22890","targetHints":{"allow":["GET"]}}],"collection":[{"href":"https:\/\/italiansublimefood.com\/de\/wp-json\/wp\/v2\/product"}],"about":[{"href":"https:\/\/italiansublimefood.com\/de\/wp-json\/wp\/v2\/types\/product"}],"wp:featuredmedia":[{"embeddable":true,"href":"https:\/\/italiansublimefood.com\/de\/wp-json\/wp\/v2\/media\/20795"}],"wp:attachment":[{"href":"https:\/\/italiansublimefood.com\/de\/wp-json\/wp\/v2\/media?parent=22890"}],"wp:term":[{"taxonomy":"product_brand","embeddable":true,"href":"https:\/\/italiansublimefood.com\/de\/wp-json\/wp\/v2\/product_brand?post=22890"},{"taxonomy":"product_cat","embeddable":true,"href":"https:\/\/italiansublimefood.com\/de\/wp-json\/wp\/v2\/product_cat?post=22890"},{"taxonomy":"product_tag","embeddable":true,"href":"https:\/\/italiansublimefood.com\/de\/wp-json\/wp\/v2\/product_tag?post=22890"}],"curies":[{"name":"wp","href":"https:\/\/api.w.org\/{rel}","templated":true}]}}