{"id":22888,"date":"2024-09-25T12:05:07","date_gmt":"2024-09-25T10:05:07","guid":{"rendered":"https:\/\/italiansublimefood.com\/product\/marettimo-geschenkbox-tonnomaremio\/"},"modified":"2025-05-05T10:02:37","modified_gmt":"2025-05-05T08:02:37","slug":"marettimo-geschenkbox-tonnomaremio","status":"publish","type":"product","link":"https:\/\/italiansublimefood.com\/de\/produkt\/marettimo-geschenkbox-tonnomaremio\/","title":{"rendered":"MARETTIMO GESCHENKBOX &#8211; TONNOMAREMIO"},"content":{"rendered":"","protected":false},"excerpt":{"rendered":"<p>INHALT: -Schwertfischfilets 190gr: Schwertfischfilets, Oliven\u00f6l, Meersalz, Schwertfischfilets sind ein typisch sizilianisches Gastronomieprodukt. Thunfisch-Filets 200gr: Thunfisch (Thunnus albacares) Filets, Oliven\u00f6l, Meersalz. Die Thunfischfilets in Oliven\u00f6l werden nur aus ausgew\u00e4hltem Rohmaterial hergestellt, das nach Technik und Erfahrung verarbeitet wird. -Albacore Tuna Fillets 200gr: Wei\u00dfer Thun (Thunnus albacares) 65%, Oliven\u00f6l 34%, Meersalz. Der mit Langleinen gefangene Fisch wird von Hand frisch verarbeitet, in Wasser und Salz gekocht und in Gl\u00e4sern ruhen gelassen, damit die besonderen organoleptischen Eigenschaften dieses delikaten Fleisches erhalten bleiben und verst\u00e4rkt werden. -Crema di Tonno con Olive Nere: Thunfisch (45%) (Thunnus albacares), Oliven\u00f6l (40%), schwarze Oliven (15%), Salz. Die Kombination von Thunfisch mit unseren sizilianischen schwarzen Oliven macht dieses Produkt einzigartig und raffiniert. -Crema di Tonno con Pistacchi: Thunfisch (49%) (Thunnus albacares), Oliven\u00f6l (41%), Pistazien (9,5%), Salz. Thunfischcreme mit Pistazien: zwei Exzellenzen Siziliens vereinen sich in dieser exquisiten Creme! -Botargo vom Meerschweinchen in einer 20 g Blisterpackung: Rogen vom Meerschweinchen (Mugil cephalus), Meersalz. Bottarga di Muggine ist ein Produkt, das reich an Proteinen und Omega-3-Fetts\u00e4uren ist. Es zeichnet sich durch seine bernsteinfarbene Farbe und seine feste Konsistenz aus.<\/p>\n","protected":false},"featured_media":20816,"template":"","meta":[],"product_brand":[],"product_cat":[15],"product_tag":[281],"class_list":{"0":"post-22888","1":"product","2":"type-product","3":"status-publish","4":"has-post-thumbnail","6":"product_cat-salumi-e-carni","7":"product_tag-tonno-mare-mio","9":"first","10":"instock","11":"taxable","12":"shipping-taxable","13":"purchasable","14":"product-type-simple"},"_links":{"self":[{"href":"https:\/\/italiansublimefood.com\/de\/wp-json\/wp\/v2\/product\/22888","targetHints":{"allow":["GET"]}}],"collection":[{"href":"https:\/\/italiansublimefood.com\/de\/wp-json\/wp\/v2\/product"}],"about":[{"href":"https:\/\/italiansublimefood.com\/de\/wp-json\/wp\/v2\/types\/product"}],"wp:featuredmedia":[{"embeddable":true,"href":"https:\/\/italiansublimefood.com\/de\/wp-json\/wp\/v2\/media\/20816"}],"wp:attachment":[{"href":"https:\/\/italiansublimefood.com\/de\/wp-json\/wp\/v2\/media?parent=22888"}],"wp:term":[{"taxonomy":"product_brand","embeddable":true,"href":"https:\/\/italiansublimefood.com\/de\/wp-json\/wp\/v2\/product_brand?post=22888"},{"taxonomy":"product_cat","embeddable":true,"href":"https:\/\/italiansublimefood.com\/de\/wp-json\/wp\/v2\/product_cat?post=22888"},{"taxonomy":"product_tag","embeddable":true,"href":"https:\/\/italiansublimefood.com\/de\/wp-json\/wp\/v2\/product_tag?post=22888"}],"curies":[{"name":"wp","href":"https:\/\/api.w.org\/{rel}","templated":true}]}}