{"id":22875,"date":"2024-10-20T17:59:40","date_gmt":"2024-10-20T15:59:40","guid":{"rendered":"https:\/\/italiansublimefood.com\/product\/rosewein-borgunto\/"},"modified":"2025-05-05T10:02:37","modified_gmt":"2025-05-05T08:02:37","slug":"rosewein-borgunto","status":"publish","type":"product","link":"https:\/\/italiansublimefood.com\/de\/produkt\/rosewein-borgunto\/","title":{"rendered":"Ros\u00e9wein &#8211; Borgunto"},"content":{"rendered":"","protected":false},"excerpt":{"rendered":"<p>-Wein zu erhalten, werden die roten Trauben fr\u00fcher als bei der traditionellen Ernte geerntet, um ein perfektes Gleichgewicht zwischen S\u00e4ure und Zuckergehalt zu gew\u00e4hrleisten. Nach dem Pressen werden die Schalen und Kerne f\u00fcr eine begrenzte Zeit mazeriert, die je nach Rebsorte und gew\u00fcnschtem Ergebnis zwischen einigen Stunden und maximal zwei Tagen liegen kann. <strong>Verkostungsnotiz: <\/strong><strong>Farbe:<\/strong> kirschrosa. <strong>Nase:<\/strong> fruchtig, krautige Noten. <strong>Geschmack:<\/strong> Frische des Weins, leicht w\u00fcrzig. <strong>Empfohlene Kombinationen: <\/strong>Aperitifs, Vorspeisen, erste G\u00e4nge und Fischgerichte, Wurstwaren und gereifte K\u00e4sesorten. &#8211; <strong>WEIN: <\/strong>80% Sangiovese, 20% Canaiolo. <strong>ERN\u00c4HRUNGSANGABEN: <\/strong>Durchschnittswerte pro Portion (150ml) pro AR*: Energie 124 kcal 6%, 518 kJ 6%, Fett 0 g 0%, Ges\u00e4ttigtes Fett 0 g 0%, Einfach unges\u00e4ttigtes Fett 0 g 0%, Mehrfach unges\u00e4ttigtes Fett 0 g 0%, Kohlenhydrate 4,01 g 2%, Zucker 1,17 g 1%, Ballaststoffe 0 0%, Eiwei\u00df 0,1 g 0%, Salz 0,02 g 0%, Cholesterin 0 mg 0%, Kalium 146 mg 7%. <strong>Alkoholgehalt<\/strong>: 12% Vol. <strong>Serviertemperatur:<\/strong> 8-10\u00b0 C. <\/p>\n","protected":false},"featured_media":22145,"template":"","meta":[],"product_brand":[],"product_cat":[15],"product_tag":[],"class_list":{"0":"post-22875","1":"product","2":"type-product","3":"status-publish","4":"has-post-thumbnail","6":"product_cat-salumi-e-carni","8":"first","9":"instock","10":"taxable","11":"shipping-taxable","12":"purchasable","13":"product-type-simple"},"_links":{"self":[{"href":"https:\/\/italiansublimefood.com\/de\/wp-json\/wp\/v2\/product\/22875","targetHints":{"allow":["GET"]}}],"collection":[{"href":"https:\/\/italiansublimefood.com\/de\/wp-json\/wp\/v2\/product"}],"about":[{"href":"https:\/\/italiansublimefood.com\/de\/wp-json\/wp\/v2\/types\/product"}],"wp:featuredmedia":[{"embeddable":true,"href":"https:\/\/italiansublimefood.com\/de\/wp-json\/wp\/v2\/media\/22145"}],"wp:attachment":[{"href":"https:\/\/italiansublimefood.com\/de\/wp-json\/wp\/v2\/media?parent=22875"}],"wp:term":[{"taxonomy":"product_brand","embeddable":true,"href":"https:\/\/italiansublimefood.com\/de\/wp-json\/wp\/v2\/product_brand?post=22875"},{"taxonomy":"product_cat","embeddable":true,"href":"https:\/\/italiansublimefood.com\/de\/wp-json\/wp\/v2\/product_cat?post=22875"},{"taxonomy":"product_tag","embeddable":true,"href":"https:\/\/italiansublimefood.com\/de\/wp-json\/wp\/v2\/product_tag?post=22875"}],"curies":[{"name":"wp","href":"https:\/\/api.w.org\/{rel}","templated":true}]}}