{"id":22842,"date":"2024-09-26T12:53:54","date_gmt":"2024-09-26T10:53:54","guid":{"rendered":"https:\/\/italiansublimefood.com\/product\/scorzabionda-ziege-1250gr-ortofrutticola-senese-srl\/"},"modified":"2025-05-05T10:02:35","modified_gmt":"2025-05-05T08:02:35","slug":"scorzabionda-ziege-1250gr-ortofrutticola-senese-srl","status":"publish","type":"product","link":"https:\/\/italiansublimefood.com\/de\/produkt\/scorzabionda-ziege-1250gr-ortofrutticola-senese-srl\/","title":{"rendered":"Scorzabionda Ziege 1250gr &#8211; Ortofrutticola senese Srl"},"content":{"rendered":"","protected":false},"excerpt":{"rendered":"<p>Caseificio Nuovo- Mit Ziegenmilchk\u00e4se wollten wir unser Angebot an Milchprodukten erweitern. In diesen K\u00e4sesorten mit ausgewogenem Geschmack, die ausschlie\u00dflich aus frischer Milch aus Volterra hergestellt werden, kann man die gewohnte Qualit\u00e4t, die sie auszeichnet, voll und ganz genie\u00dfen.<\/p>\n","protected":false},"featured_media":20995,"template":"","meta":[],"product_brand":[],"product_cat":[15],"product_tag":[273],"class_list":{"0":"post-22842","1":"product","2":"type-product","3":"status-publish","4":"has-post-thumbnail","6":"product_cat-salumi-e-carni","7":"product_tag-ortofrutticola-senese","9":"first","10":"instock","11":"taxable","12":"shipping-taxable","13":"purchasable","14":"product-type-simple"},"_links":{"self":[{"href":"https:\/\/italiansublimefood.com\/de\/wp-json\/wp\/v2\/product\/22842","targetHints":{"allow":["GET"]}}],"collection":[{"href":"https:\/\/italiansublimefood.com\/de\/wp-json\/wp\/v2\/product"}],"about":[{"href":"https:\/\/italiansublimefood.com\/de\/wp-json\/wp\/v2\/types\/product"}],"wp:featuredmedia":[{"embeddable":true,"href":"https:\/\/italiansublimefood.com\/de\/wp-json\/wp\/v2\/media\/20995"}],"wp:attachment":[{"href":"https:\/\/italiansublimefood.com\/de\/wp-json\/wp\/v2\/media?parent=22842"}],"wp:term":[{"taxonomy":"product_brand","embeddable":true,"href":"https:\/\/italiansublimefood.com\/de\/wp-json\/wp\/v2\/product_brand?post=22842"},{"taxonomy":"product_cat","embeddable":true,"href":"https:\/\/italiansublimefood.com\/de\/wp-json\/wp\/v2\/product_cat?post=22842"},{"taxonomy":"product_tag","embeddable":true,"href":"https:\/\/italiansublimefood.com\/de\/wp-json\/wp\/v2\/product_tag?post=22842"}],"curies":[{"name":"wp","href":"https:\/\/api.w.org\/{rel}","templated":true}]}}