{"id":22839,"date":"2024-09-26T12:51:46","date_gmt":"2024-09-26T10:51:46","guid":{"rendered":"https:\/\/italiansublimefood.com\/product\/scorzabionda-ziege-625gr-ortofrutticola-senese-srl\/"},"modified":"2025-05-05T10:02:35","modified_gmt":"2025-05-05T08:02:35","slug":"scorzabionda-ziege-625gr-ortofrutticola-senese-srl","status":"publish","type":"product","link":"https:\/\/italiansublimefood.com\/de\/produkt\/scorzabionda-ziege-625gr-ortofrutticola-senese-srl\/","title":{"rendered":"Scorzabionda Ziege 625gr &#8211; Ortofrutticola senese Srl"},"content":{"rendered":"","protected":false},"excerpt":{"rendered":"<p>&#8211; Mit den Ziegenk\u00e4sen wollten wir unser Angebot an Milchprodukten erweitern. Caseificio Nuovo In diesen ausgewogenen K\u00e4sen, die ausschlie\u00dflich aus frischer Milch aus Volterra hergestellt werden, kann man die gewohnte Qualit\u00e4t, die . <\/p>\n","protected":false},"featured_media":20995,"template":"","meta":[],"product_brand":[],"product_cat":[15],"product_tag":[273],"class_list":{"0":"post-22839","1":"product","2":"type-product","3":"status-publish","4":"has-post-thumbnail","6":"product_cat-salumi-e-carni","7":"product_tag-ortofrutticola-senese","9":"first","10":"instock","11":"taxable","12":"shipping-taxable","13":"purchasable","14":"product-type-simple"},"_links":{"self":[{"href":"https:\/\/italiansublimefood.com\/de\/wp-json\/wp\/v2\/product\/22839","targetHints":{"allow":["GET"]}}],"collection":[{"href":"https:\/\/italiansublimefood.com\/de\/wp-json\/wp\/v2\/product"}],"about":[{"href":"https:\/\/italiansublimefood.com\/de\/wp-json\/wp\/v2\/types\/product"}],"wp:featuredmedia":[{"embeddable":true,"href":"https:\/\/italiansublimefood.com\/de\/wp-json\/wp\/v2\/media\/20995"}],"wp:attachment":[{"href":"https:\/\/italiansublimefood.com\/de\/wp-json\/wp\/v2\/media?parent=22839"}],"wp:term":[{"taxonomy":"product_brand","embeddable":true,"href":"https:\/\/italiansublimefood.com\/de\/wp-json\/wp\/v2\/product_brand?post=22839"},{"taxonomy":"product_cat","embeddable":true,"href":"https:\/\/italiansublimefood.com\/de\/wp-json\/wp\/v2\/product_cat?post=22839"},{"taxonomy":"product_tag","embeddable":true,"href":"https:\/\/italiansublimefood.com\/de\/wp-json\/wp\/v2\/product_tag?post=22839"}],"curies":[{"name":"wp","href":"https:\/\/api.w.org\/{rel}","templated":true}]}}