{"id":22831,"date":"2024-09-26T11:55:25","date_gmt":"2024-09-26T09:55:25","guid":{"rendered":"https:\/\/italiansublimefood.com\/product\/cavallucci-8stueck-gebaeck-nocino\/"},"modified":"2025-05-05T10:02:34","modified_gmt":"2025-05-05T08:02:34","slug":"cavallucci-8stueck-gebaeck-nocino","status":"publish","type":"product","link":"https:\/\/italiansublimefood.com\/de\/produkt\/cavallucci-8stueck-gebaeck-nocino\/","title":{"rendered":"Cavallucci 8St\u00fcck &#8211; Geb\u00e4ck Nocino"},"content":{"rendered":"","protected":false},"excerpt":{"rendered":"<p>Grash\u00fcpfer<\/p>\n","protected":false},"featured_media":20973,"template":"","meta":[],"product_brand":[],"product_cat":[15],"product_tag":[274],"class_list":{"0":"post-22831","1":"product","2":"type-product","3":"status-publish","4":"has-post-thumbnail","6":"product_cat-salumi-e-carni","7":"product_tag-pasticceria-gelateria-nocino","9":"first","10":"instock","11":"taxable","12":"shipping-taxable","13":"purchasable","14":"product-type-simple"},"_links":{"self":[{"href":"https:\/\/italiansublimefood.com\/de\/wp-json\/wp\/v2\/product\/22831","targetHints":{"allow":["GET"]}}],"collection":[{"href":"https:\/\/italiansublimefood.com\/de\/wp-json\/wp\/v2\/product"}],"about":[{"href":"https:\/\/italiansublimefood.com\/de\/wp-json\/wp\/v2\/types\/product"}],"wp:featuredmedia":[{"embeddable":true,"href":"https:\/\/italiansublimefood.com\/de\/wp-json\/wp\/v2\/media\/20973"}],"wp:attachment":[{"href":"https:\/\/italiansublimefood.com\/de\/wp-json\/wp\/v2\/media?parent=22831"}],"wp:term":[{"taxonomy":"product_brand","embeddable":true,"href":"https:\/\/italiansublimefood.com\/de\/wp-json\/wp\/v2\/product_brand?post=22831"},{"taxonomy":"product_cat","embeddable":true,"href":"https:\/\/italiansublimefood.com\/de\/wp-json\/wp\/v2\/product_cat?post=22831"},{"taxonomy":"product_tag","embeddable":true,"href":"https:\/\/italiansublimefood.com\/de\/wp-json\/wp\/v2\/product_tag?post=22831"}],"curies":[{"name":"wp","href":"https:\/\/api.w.org\/{rel}","templated":true}]}}