{"id":22816,"date":"2024-09-26T09:33:21","date_gmt":"2024-09-26T07:33:21","guid":{"rendered":"https:\/\/italiansublimefood.com\/product\/geraeucherter-thunfisch-1000gr-tonnomaremio\/"},"modified":"2025-05-05T10:02:34","modified_gmt":"2025-05-05T08:02:34","slug":"geraeucherter-thunfisch-1000gr-tonnomaremio","status":"publish","type":"product","link":"https:\/\/italiansublimefood.com\/de\/produkt\/geraeucherter-thunfisch-1000gr-tonnomaremio\/","title":{"rendered":"Ger\u00e4ucherter Thunfisch 1000gr &#8211; TONNOMAREMIO"},"content":{"rendered":"","protected":false},"excerpt":{"rendered":"<p style=\"text-align: left;\" align=\"center\"><strong><span style=\"font-family: 'Arial','sans-serif';\">&#8211; Ein Produkt der Spitzenklasse<\/span><\/strong><\/p>\n<p style=\"box-sizing: border-box; color: rgba(71, 112, 219, 0.75); font-variant-ligatures: normal; font-variant-caps: normal; orphans: 2; widows: 2; -webkit-text-stroke-width: 0px; word-spacing: 0px; text-align: left;\" align=\"center\"><span style=\"color: #000000;\"><span style=\"font-family: 'Arial','sans-serif'; letter-spacing: .45pt;\">&#8211; Durch die sorgf\u00e4ltige Auswahl und Verarbeitung der Rohstoffe beh\u00e4lt unser ger\u00e4ucherter Thunfisch all seine organoleptischen und ern\u00e4hrungsphysiologischen Qualit\u00e4ten bei.<\/span><span style=\"font-family: 'Arial','sans-serif'; letter-spacing: .45pt;\">Die Reifungsphase des ger\u00e4ucherten Thunfischs erfolgt mit<span style=\"box-sizing: border-box;\"> <\/span><strong style=\"box-sizing: border-box;\"><span style=\"font-family: 'Arial','sans-serif';\">innovativen Maschinen<\/span><\/strong>die in der Lage sind, eine Reihe von Mikroklimata zu reproduzieren, die f\u00fcr die Reifung des Fisches ideal sind.<\/span><\/span><\/p>\n<p>-VERWENDUNGSWEISE: Der Prozess des R\u00e4ucherns von Thunfisch geht langsam vonstatten und ist in der Lage, seine  <strong>charakteristischer Geschmack<\/strong>. Un prodotto che si scioglie al palato, ideale come antipasto o come secondo accompagnato da un contorto. L\u2019impiego di puro sale marino e la lenta affumicatura ne fanno un prodotto morbido al palato, gustoso e naturale. Ideale per essere servito come antipasto o come secondo accompagnato da un contorno.    ZUS\u00c4TZLICHE INFORMATIONEN: Unser ger\u00e4ucherter Thunfisch beh\u00e4lt alle seine organoleptischen und nahrhaften Eigenschaften. <strong>Er enth\u00e4lt keine Konservierungsstoffe oder andere zus\u00e4tzliche Substanzen. <\/strong><strong>ZUTATEN: <\/strong>Thunfisch<em>(Thunnus albacares<\/em>), Salz und nat\u00fcrlicher Rauch. <strong>ALLERGIEN: <\/strong>Fisch (Thunfisch). <strong>VERPACKUNG: <\/strong>Vakuumverpackter Beutel. <strong>ORGANOLEPTISCHE EIGENSCHAFTEN: <\/strong>Aussehen: angenehm, Farbe: r\u00f6tlich, Geruch: leichter Rauch, Geschmack: leichter Rauch. <strong>LAGERUNG: <\/strong>Vor dem \u00d6ffnen zwischen 0\u00b0C und 4\u00b0C lagern. Nach dem \u00d6ffnen zwischen 0\u00b0C und 4\u00b0C aufbewahren. Innerhalb von 3 Tagen verbrauchen. <strong>ERN\u00c4HRUNGSWERT (Durchschnittswerte pro 100g des Produkts): <\/strong>ENERGIE KJ\/Kcal: 780\/184, FETTE: 1,0g, davon ges\u00e4ttigte Fetts\u00e4uren: 1,0g, KARBONS\u00c4URE: 1,0g, davon Zucker: 1,0g, PROTEINE: 45,0g, SALZ: 8,0g. <strong>MIKROBIOLOGISCHE MERKMALE (Grenz- und Referenzwerte) <\/strong> &lt; &lt; &lt;CMBT: 5\u00d710(6)cfu\/g, ENTEROBACTERIACE: 5\u00d710(3)cfu\/g, STAPHYLOCOCKS COAGULASE: 5 x 10(2) cfu\/g, SALMONELLA SPP: Nicht vorhanden\/25g, LISTERIA MONOCYTOGENES: Nicht vorhanden\/25g.<strong>CHEMISCHE\/PHYSIKALISCHE EIGENSCHAFTEN (Grenz- und Referenzwerte) <\/strong>SALMONELLA: 100mg\/kg   <\/p>\n","protected":false},"featured_media":20934,"template":"","meta":[],"product_brand":[],"product_cat":[15],"product_tag":[281],"class_list":{"0":"post-22816","1":"product","2":"type-product","3":"status-publish","4":"has-post-thumbnail","6":"product_cat-salumi-e-carni","7":"product_tag-tonno-mare-mio","9":"first","10":"instock","11":"taxable","12":"shipping-taxable","13":"purchasable","14":"product-type-variable"},"_links":{"self":[{"href":"https:\/\/italiansublimefood.com\/de\/wp-json\/wp\/v2\/product\/22816","targetHints":{"allow":["GET"]}}],"collection":[{"href":"https:\/\/italiansublimefood.com\/de\/wp-json\/wp\/v2\/product"}],"about":[{"href":"https:\/\/italiansublimefood.com\/de\/wp-json\/wp\/v2\/types\/product"}],"wp:featuredmedia":[{"embeddable":true,"href":"https:\/\/italiansublimefood.com\/de\/wp-json\/wp\/v2\/media\/20934"}],"wp:attachment":[{"href":"https:\/\/italiansublimefood.com\/de\/wp-json\/wp\/v2\/media?parent=22816"}],"wp:term":[{"taxonomy":"product_brand","embeddable":true,"href":"https:\/\/italiansublimefood.com\/de\/wp-json\/wp\/v2\/product_brand?post=22816"},{"taxonomy":"product_cat","embeddable":true,"href":"https:\/\/italiansublimefood.com\/de\/wp-json\/wp\/v2\/product_cat?post=22816"},{"taxonomy":"product_tag","embeddable":true,"href":"https:\/\/italiansublimefood.com\/de\/wp-json\/wp\/v2\/product_tag?post=22816"}],"curies":[{"name":"wp","href":"https:\/\/api.w.org\/{rel}","templated":true}]}}