{"id":22811,"date":"2024-09-26T09:36:22","date_gmt":"2024-09-26T07:36:22","guid":{"rendered":"https:\/\/italiansublimefood.com\/product\/geraeucherter-thunfisch-extra-qualitaet-tonnomaremio\/"},"modified":"2025-05-05T10:02:33","modified_gmt":"2025-05-05T08:02:33","slug":"geraeucherter-thunfisch-extra-qualitaet-tonnomaremio","status":"publish","type":"product","link":"https:\/\/italiansublimefood.com\/de\/produkt\/geraeucherter-thunfisch-extra-qualitaet-tonnomaremio\/","title":{"rendered":"GER\u00c4UCHERTER THUNFISCH EXTRA QUALIT\u00c4T &#8211; TONNOMAREMIO"},"content":{"rendered":"","protected":false},"excerpt":{"rendered":"<p>&#8211; Durch die sorgf\u00e4ltige Auswahl und Verarbeitung der Rohstoffe beh\u00e4lt unser ger\u00e4ucherter Thunfisch alle seine organoleptischen und ern\u00e4hrungsphysiologischen Eigenschaften. Die Reifung erfolgt mit <strong>innovativen Maschinen<\/strong>, die eine Reihe von Mikroklimata reproduzieren k\u00f6nnen, die ideal f\u00fcr die Reifung von Fisch sind.<\/p>\n<section class=\"elementor-section elementor-top-section elementor-element elementor-element-7e727f2 elementor-section-boxed elementor-section-height-default elementor-section-height-default\" data-id=\"7e727f2\" data-element_type=\"section\" data-settings=\"{\"background_background\":\"classic\"}\">\n<div class=\"elementor-container elementor-column-gap-wide\">\n<div class=\"elementor-column elementor-col-50 elementor-top-column elementor-element elementor-element-30f09aa6\" data-id=\"30f09aa6\" data-element_type=\"column\" data-settings=\"{\"background_background\":\"classic\"}\">\n<div class=\"elementor-widget-wrap elementor-element-populated\">\n<div class=\"elementor-element elementor-element-406cafed elementor-widget elementor-widget-woocommerce-product-short-description\" data-id=\"406cafed\" data-element_type=\"widget\" data-widget_type=\"woocommerce-product-short-description.default\">\n<div class=\"elementor-widget-container\">\n<div class=\"woocommerce-product-details__short-description\">\n<p>&#8211; Ger\u00e4ucherter Thunfisch. Verwendung: Thunfisch wird langsam ger\u00e4uchert, um seinen <strong>charakteristischen Geschmack<\/strong> zu bewahren. Ein Produkt, das auf der Zunge zergeht, ideal als Vorspeise oder als Hauptgericht in Begleitung eines Contorto. Die Verwendung von reinem Meersalz und das langsame R\u00e4uchern machen ihn zu einem Produkt, das zart am Gaumen ist, schmackhaft und nat\u00fcrlich. Ideal als Vorspeise oder als Hauptgericht mit einer Beilage zu servieren.    <\/p>\n<\/div>\n<\/div>\n<\/div>\n<\/div>\n<\/div>\n<\/div>\n<\/section>\n<section class=\"elementor-section elementor-top-section elementor-element elementor-element-12d6e436 elementor-reverse-mobile elementor-section-boxed elementor-section-height-default elementor-section-height-default\" data-id=\"12d6e436\" data-element_type=\"section\" data-settings=\"{\"background_background\":\"classic\"}\">\n<div class=\"elementor-container elementor-column-gap-wide\">\n<div class=\"elementor-column elementor-col-100 elementor-top-column elementor-element elementor-element-3cce289e\" data-id=\"3cce289e\" data-element_type=\"column\">\n<div class=\"elementor-widget-wrap elementor-element-populated\">\n<div class=\"elementor-element elementor-element-c211797 elementor-widget elementor-widget-heading\" data-id=\"c211797\" data-element_type=\"widget\" data-widget_type=\"heading.default\">\n<div class=\"elementor-widget-container\">\n<p class=\"elementor-heading-title elementor-size-default\">&#8211; ZUS\u00c4TZLICHE INFORMATIONEN: Unser ger\u00e4ucherter Thunfisch beh\u00e4lt alle seine organoleptischen und ern\u00e4hrungsphysiologischen Eigenschaften. <strong>Er enth\u00e4lt keine Konservierungsstoffe oder andere zus\u00e4tzliche Substanzen. <\/strong><strong>ZUTATEN: <\/strong>Thunfisch<em>(Thunnus albacares<\/em>), Salz und nat\u00fcrlicher Rauch. <strong>ALLERGIEN: <\/strong>Fisch (Thunfisch). <strong>VERPACKUNG: <\/strong>Vakuumverpackter Beutel. <strong>ORGANOLEPTISCHE EIGENSCHAFTEN: <\/strong>Aussehen: angenehm, Farbe: r\u00f6tlich, Geruch: milder Rauch, Geschmack: milder Rauch. <strong>LAGERUNG: <\/strong>Vor dem \u00d6ffnen zwischen 0\u00b0C und 4\u00b0C lagern. Nach dem \u00d6ffnen zwischen 0\u00b0C und 4\u00b0C aufbewahren. Innerhalb von 3 Tagen verbrauchen. <strong>ERN\u00c4HRUNGSWERTE (Durchschnittswerte pro 100g des Produkts): <\/strong>ENERGIE KJ\/Kcal: 780\/184. FETTE: 1,0g, davon ges\u00e4ttigte Fetts\u00e4uren: 1,0g, KARBONS\u00c4UREN: 1,0g, davon Zucker: 1,0g, EIWEISS: 45,0g, SALZ: 8,0g. <strong>MIKROBIOLOGISCHE MERKMALE (Grenz- und Referenzwerte) <\/strong> &lt; &lt; &lt;CMBT: 5\u00d710(6)cfu\/g, ENTEROBACTERIACE: 5\u00d710(3)cfu\/g, STAPHYLOCOCKS COAGULASE: 5 x 10(2) cfu\/g, SALMONELLA SPP: Nicht vorhanden\/25g, LISTERIA MONOCYTOGENES: Nicht vorhanden\/25g.<strong>CHEMISCHE\/PHYSIKALISCHE EIGENSCHAFTEN (Grenzwerte) <\/strong> &lt;SALMONELLA: 100mg\/kg.    <\/p>\n<\/div>\n<\/div>\n<\/div>\n<\/div>\n<\/div>\n<\/section>\n","protected":false},"featured_media":20948,"template":"","meta":[],"product_brand":[],"product_cat":[15],"product_tag":[281],"class_list":{"0":"post-22811","1":"product","2":"type-product","3":"status-publish","4":"has-post-thumbnail","6":"product_cat-salumi-e-carni","7":"product_tag-tonno-mare-mio","9":"first","10":"instock","11":"taxable","12":"shipping-taxable","13":"purchasable","14":"product-type-simple"},"_links":{"self":[{"href":"https:\/\/italiansublimefood.com\/de\/wp-json\/wp\/v2\/product\/22811","targetHints":{"allow":["GET"]}}],"collection":[{"href":"https:\/\/italiansublimefood.com\/de\/wp-json\/wp\/v2\/product"}],"about":[{"href":"https:\/\/italiansublimefood.com\/de\/wp-json\/wp\/v2\/types\/product"}],"wp:featuredmedia":[{"embeddable":true,"href":"https:\/\/italiansublimefood.com\/de\/wp-json\/wp\/v2\/media\/20948"}],"wp:attachment":[{"href":"https:\/\/italiansublimefood.com\/de\/wp-json\/wp\/v2\/media?parent=22811"}],"wp:term":[{"taxonomy":"product_brand","embeddable":true,"href":"https:\/\/italiansublimefood.com\/de\/wp-json\/wp\/v2\/product_brand?post=22811"},{"taxonomy":"product_cat","embeddable":true,"href":"https:\/\/italiansublimefood.com\/de\/wp-json\/wp\/v2\/product_cat?post=22811"},{"taxonomy":"product_tag","embeddable":true,"href":"https:\/\/italiansublimefood.com\/de\/wp-json\/wp\/v2\/product_tag?post=22811"}],"curies":[{"name":"wp","href":"https:\/\/api.w.org\/{rel}","templated":true}]}}