{"id":22806,"date":"2024-10-20T19:20:08","date_gmt":"2024-10-20T17:20:08","guid":{"rendered":"https:\/\/italiansublimefood.com\/product\/pfirsiche-in-sirup-400g-borgunto\/"},"modified":"2025-05-05T10:02:33","modified_gmt":"2025-05-05T08:02:33","slug":"pfirsiche-in-sirup-400g-borgunto","status":"publish","type":"product","link":"https:\/\/italiansublimefood.com\/de\/produkt\/pfirsiche-in-sirup-400g-borgunto\/","title":{"rendered":"Pfirsiche in Sirup 400g &#8211; Borgunto"},"content":{"rendered":"","protected":false},"excerpt":{"rendered":"<p>BorguntoGenie\u00dfen Sie die authentische S\u00fc\u00dfe der Toskana mit dem Pesche Sciroppate. Ein Produkt, das aus wenigen einfachen, aber hochwertigen Zutaten hergestellt wird. Unsere Gl\u00e4ser mit Pfirsichen in Sirup sind ideal als Dessert oder zum Verfeinern von Desserts und Joghurt. Borgunto Die Pfirsiche in Sirup sind perfekt f\u00fcr alle, die den unverf\u00e4lschten Geschmack von Obst zu jeder Jahreszeit genie\u00dfen m\u00f6chten. Entdecken Sie den einfachen und raffinierten Genuss toskanischer Pfirsiche ganz bequem bei Ihnen zu Hause. <strong>Zutaten:<\/strong> Pfirsich, Zucker, Wasser. Allergene: Keine. &lt; N <strong>\u00e4hrwertangaben: <\/strong>Energie 206 kcal, 862 kJ, Fett 15,50 g, (davon ges\u00e4ttigte Fetts\u00e4uren 4,70 g), Kohlenhydrate 1,2 g (davon Zucker 1,1 g), Eiwei\u00df 0,6 g, Salz 0,01 g. Nettogewicht: 400 g.      <\/p>\n","protected":false},"featured_media":22198,"template":"","meta":[],"product_brand":[],"product_cat":[15],"product_tag":[],"class_list":{"0":"post-22806","1":"product","2":"type-product","3":"status-publish","4":"has-post-thumbnail","6":"product_cat-salumi-e-carni","8":"first","9":"instock","10":"taxable","11":"shipping-taxable","12":"purchasable","13":"product-type-simple"},"_links":{"self":[{"href":"https:\/\/italiansublimefood.com\/de\/wp-json\/wp\/v2\/product\/22806","targetHints":{"allow":["GET"]}}],"collection":[{"href":"https:\/\/italiansublimefood.com\/de\/wp-json\/wp\/v2\/product"}],"about":[{"href":"https:\/\/italiansublimefood.com\/de\/wp-json\/wp\/v2\/types\/product"}],"wp:featuredmedia":[{"embeddable":true,"href":"https:\/\/italiansublimefood.com\/de\/wp-json\/wp\/v2\/media\/22198"}],"wp:attachment":[{"href":"https:\/\/italiansublimefood.com\/de\/wp-json\/wp\/v2\/media?parent=22806"}],"wp:term":[{"taxonomy":"product_brand","embeddable":true,"href":"https:\/\/italiansublimefood.com\/de\/wp-json\/wp\/v2\/product_brand?post=22806"},{"taxonomy":"product_cat","embeddable":true,"href":"https:\/\/italiansublimefood.com\/de\/wp-json\/wp\/v2\/product_cat?post=22806"},{"taxonomy":"product_tag","embeddable":true,"href":"https:\/\/italiansublimefood.com\/de\/wp-json\/wp\/v2\/product_tag?post=22806"}],"curies":[{"name":"wp","href":"https:\/\/api.w.org\/{rel}","templated":true}]}}