{"id":22799,"date":"2024-10-20T18:57:24","date_gmt":"2024-10-20T16:57:24","guid":{"rendered":"https:\/\/italiansublimefood.com\/product\/chianina-ragout-200g-borgunto\/"},"modified":"2025-05-05T10:02:33","modified_gmt":"2025-05-05T08:02:33","slug":"chianina-ragout-200g-borgunto","status":"publish","type":"product","link":"https:\/\/italiansublimefood.com\/de\/produkt\/chianina-ragout-200g-borgunto\/","title":{"rendered":"Chianina Ragout 200g &#8211; Borgunto"},"content":{"rendered":"","protected":false},"excerpt":{"rendered":"<p>Die Chianina ist eine der \u00e4ltesten und wichtigsten Rinderrassen Italiens und verdankt ihren Namen dem Zuchtgebiet VAL DI CHIANA. Zertifiziertes Chianina-Fleisch gem\u00e4\u00df der Spezifikation IT 003 ET. Hervorragende W\u00fcrze f\u00fcr alle Arten von Pasta, Gnocchetti, Ravioli, Tagliatelle, usw. Gebrauchsfertiges Produkt, das im Wasserbad, in der Mikrowelle oder direkt in der Pfanne erhitzt werden kann. <strong>Zutaten<\/strong>: Chianina&#8217;-Rindfleisch (60%), Tomatenp\u00fcree (Herkunft Italien), natives Oliven\u00f6l extra, Gem\u00fcse in unterschiedlichen Anteilen (Karotten, Sellerie, Zwiebeln, Knoblauch), Wein, Schweinefleisch, Salz, Petersilie, Gew\u00fcrze. <strong>Zus\u00e4tzliche Informationen: <\/strong>Energie 216, kcal 906 kJ, Fett 17,2 g (davon ges\u00e4ttigte Fetts\u00e4uren 3,4 g), Kohlenhydrate 2,6 g (davon Zucker 2,4 g), Eiwei\u00df 14,7 g, Salz 2,1 g. <strong>Allergene<\/strong>: Staudensellerie. Gluten- und laktosefrei, nat\u00fcrlich mit wenig Zucker. Ohne Konservierungsstoffe. <strong>Lagerung<\/strong>: Bei Raumtemperatur aufbewahren. Nach dem \u00d6ffnen natives Oliven\u00f6l extra hinzuf\u00fcgen, im K\u00fchlschrank aufbewahren und innerhalb von 3 Tagen verbrauchen.<strong> Verfallsdatum:<\/strong> 4 Jahre.     <\/p>\n","protected":false},"featured_media":22178,"template":"","meta":[],"product_brand":[],"product_cat":[15],"product_tag":[252],"class_list":{"0":"post-22799","1":"product","2":"type-product","3":"status-publish","4":"has-post-thumbnail","6":"product_cat-salumi-e-carni","7":"product_tag-borgunto","9":"first","10":"instock","11":"taxable","12":"shipping-taxable","13":"purchasable","14":"product-type-simple"},"_links":{"self":[{"href":"https:\/\/italiansublimefood.com\/de\/wp-json\/wp\/v2\/product\/22799","targetHints":{"allow":["GET"]}}],"collection":[{"href":"https:\/\/italiansublimefood.com\/de\/wp-json\/wp\/v2\/product"}],"about":[{"href":"https:\/\/italiansublimefood.com\/de\/wp-json\/wp\/v2\/types\/product"}],"wp:featuredmedia":[{"embeddable":true,"href":"https:\/\/italiansublimefood.com\/de\/wp-json\/wp\/v2\/media\/22178"}],"wp:attachment":[{"href":"https:\/\/italiansublimefood.com\/de\/wp-json\/wp\/v2\/media?parent=22799"}],"wp:term":[{"taxonomy":"product_brand","embeddable":true,"href":"https:\/\/italiansublimefood.com\/de\/wp-json\/wp\/v2\/product_brand?post=22799"},{"taxonomy":"product_cat","embeddable":true,"href":"https:\/\/italiansublimefood.com\/de\/wp-json\/wp\/v2\/product_cat?post=22799"},{"taxonomy":"product_tag","embeddable":true,"href":"https:\/\/italiansublimefood.com\/de\/wp-json\/wp\/v2\/product_tag?post=22799"}],"curies":[{"name":"wp","href":"https:\/\/api.w.org\/{rel}","templated":true}]}}