{"id":22796,"date":"2024-10-20T18:53:41","date_gmt":"2024-10-20T16:53:41","guid":{"rendered":"https:\/\/italiansublimefood.com\/product\/trueffel-popcorn-50g-borgunto\/"},"modified":"2025-05-05T10:02:33","modified_gmt":"2025-05-05T08:02:33","slug":"trueffel-popcorn-50g-borgunto","status":"publish","type":"product","link":"https:\/\/italiansublimefood.com\/de\/produkt\/trueffel-popcorn-50g-borgunto\/","title":{"rendered":"Tr\u00fcffel Popcorn 50g &#8211; Borgunto"},"content":{"rendered":"","protected":false},"excerpt":{"rendered":"<p>Tr\u00fcffel-Popcorn bietet eine Explosion von Gourmet-Aromen in jedem Bissen. Unser knuspriges und leichtes Popcorn ist delikat mit Tr\u00fcffel gew\u00fcrzt, was ihm ein umh\u00fcllendes Aroma und einen Hauch von Luxus verleiht. Die knusprige Textur sorgt f\u00fcr ein unwiderstehliches Geschmackserlebnis. Sie eignen sich perfekt f\u00fcr anspruchsvolle Aperitifs oder Abende mit Freunden und passen hervorragend zu einem guten trockenen Wei\u00dfwein oder Champagner. Probieren Sie sie vor einem guten Film, um Ihre Filmabende in vollen Z\u00fcgen zu genie\u00dfen. <strong>Zutaten:<\/strong> Butter 93,5%, wei\u00dfer Tr\u00fcffel 6%, (tuber borchii oder albidum pico), wei\u00dfer Tr\u00fcffel 0,5% (tuber magnatum pico), Aromen. Kann Spuren von Tuber brumale enthalten. <strong>Zus\u00e4tzliche Informationen:<\/strong> Energie 495 kcal, 2069 kJ, Fett 25 g (davon ges\u00e4ttigte Fetts\u00e4uren 2,2 g), Kohlenhydrate 45 g (davon Zucker 0,5 g), Eiwei\u00df 9,5 g, 0,8 g, Salz 2,5 g. Allergene: Keine. Nettogewicht: 50 g.       <\/p>\n","protected":false},"featured_media":22174,"template":"","meta":[],"product_brand":[],"product_cat":[15],"product_tag":[252],"class_list":{"0":"post-22796","1":"product","2":"type-product","3":"status-publish","4":"has-post-thumbnail","6":"product_cat-salumi-e-carni","7":"product_tag-borgunto","9":"first","10":"instock","11":"taxable","12":"shipping-taxable","13":"purchasable","14":"product-type-simple"},"_links":{"self":[{"href":"https:\/\/italiansublimefood.com\/de\/wp-json\/wp\/v2\/product\/22796","targetHints":{"allow":["GET"]}}],"collection":[{"href":"https:\/\/italiansublimefood.com\/de\/wp-json\/wp\/v2\/product"}],"about":[{"href":"https:\/\/italiansublimefood.com\/de\/wp-json\/wp\/v2\/types\/product"}],"wp:featuredmedia":[{"embeddable":true,"href":"https:\/\/italiansublimefood.com\/de\/wp-json\/wp\/v2\/media\/22174"}],"wp:attachment":[{"href":"https:\/\/italiansublimefood.com\/de\/wp-json\/wp\/v2\/media?parent=22796"}],"wp:term":[{"taxonomy":"product_brand","embeddable":true,"href":"https:\/\/italiansublimefood.com\/de\/wp-json\/wp\/v2\/product_brand?post=22796"},{"taxonomy":"product_cat","embeddable":true,"href":"https:\/\/italiansublimefood.com\/de\/wp-json\/wp\/v2\/product_cat?post=22796"},{"taxonomy":"product_tag","embeddable":true,"href":"https:\/\/italiansublimefood.com\/de\/wp-json\/wp\/v2\/product_tag?post=22796"}],"curies":[{"name":"wp","href":"https:\/\/api.w.org\/{rel}","templated":true}]}}