{"id":22795,"date":"2024-10-20T19:06:35","date_gmt":"2024-10-20T17:06:35","guid":{"rendered":"https:\/\/italiansublimefood.com\/product\/pfirsichkonfituere-230g-borgunto\/"},"modified":"2025-05-05T10:02:33","modified_gmt":"2025-05-05T08:02:33","slug":"pfirsichkonfituere-230g-borgunto","status":"publish","type":"product","link":"https:\/\/italiansublimefood.com\/de\/produkt\/pfirsichkonfituere-230g-borgunto\/","title":{"rendered":"Pfirsichkonfit\u00fcre 230g &#8211; Borgunto"},"content":{"rendered":"","protected":false},"excerpt":{"rendered":"<p>Unsere Pfirsichkonfit\u00fcre hat einen s\u00fc\u00dfen und sehr ausgewogenen Geschmack, dank des <strong>geringen Anteils an Zucker<\/strong> (nur 47%) und dem<strong> v\u00f6lligen Verzicht auf Konservierungsstoffe<\/strong>. Die Zusammensetzung der Konfit\u00fcre besteht aus Fr\u00fcchten (72%), Zucker und geringen Mengen an Pektin und Zitronens\u00e4ure. Durch ihre Vielseitigkeit eignet sie sich sowohl f\u00fcr Desserts als auch f\u00fcr ein gesundes und leckeres Fr\u00fchst\u00fcck. &lt; &lt; N <strong>\u00e4hrwertangaben:<\/strong> Energie 138 kcal, 584 kJ, Fett 0,1 g (davon ges\u00e4ttigte Fetts\u00e4uren 0,01 g), Kohlenhydrate 34 g (davon Zucker 34 g), Eiwei\u00df 0,6 g, Salz 0,01 g.  <\/p>\n","protected":false},"featured_media":22186,"template":"","meta":[],"product_brand":[],"product_cat":[15],"product_tag":[252],"class_list":{"0":"post-22795","1":"product","2":"type-product","3":"status-publish","4":"has-post-thumbnail","6":"product_cat-salumi-e-carni","7":"product_tag-borgunto","9":"first","10":"instock","11":"taxable","12":"shipping-taxable","13":"purchasable","14":"product-type-simple"},"_links":{"self":[{"href":"https:\/\/italiansublimefood.com\/de\/wp-json\/wp\/v2\/product\/22795","targetHints":{"allow":["GET"]}}],"collection":[{"href":"https:\/\/italiansublimefood.com\/de\/wp-json\/wp\/v2\/product"}],"about":[{"href":"https:\/\/italiansublimefood.com\/de\/wp-json\/wp\/v2\/types\/product"}],"wp:featuredmedia":[{"embeddable":true,"href":"https:\/\/italiansublimefood.com\/de\/wp-json\/wp\/v2\/media\/22186"}],"wp:attachment":[{"href":"https:\/\/italiansublimefood.com\/de\/wp-json\/wp\/v2\/media?parent=22795"}],"wp:term":[{"taxonomy":"product_brand","embeddable":true,"href":"https:\/\/italiansublimefood.com\/de\/wp-json\/wp\/v2\/product_brand?post=22795"},{"taxonomy":"product_cat","embeddable":true,"href":"https:\/\/italiansublimefood.com\/de\/wp-json\/wp\/v2\/product_cat?post=22795"},{"taxonomy":"product_tag","embeddable":true,"href":"https:\/\/italiansublimefood.com\/de\/wp-json\/wp\/v2\/product_tag?post=22795"}],"curies":[{"name":"wp","href":"https:\/\/api.w.org\/{rel}","templated":true}]}}