{"id":22793,"date":"2024-10-20T18:48:38","date_gmt":"2024-10-20T16:48:38","guid":{"rendered":"https:\/\/italiansublimefood.com\/product\/honig-mit-trueffel-120g-borgunto\/"},"modified":"2025-05-05T10:02:32","modified_gmt":"2025-05-05T08:02:32","slug":"honig-mit-trueffel-120g-borgunto","status":"publish","type":"product","link":"https:\/\/italiansublimefood.com\/de\/produkt\/honig-mit-trueffel-120g-borgunto\/","title":{"rendered":"Honig mit Tr\u00fcffel 120g &#8211; Borgunto"},"content":{"rendered":"","protected":false},"excerpt":{"rendered":"<p>Eine hervorragende Kombination aus nat\u00fcrlicher S\u00fc\u00dfe und luxuri\u00f6sem, erdigem Aroma. Dieser feine Bienennektar zeichnet sich durch seine cremige Textur und das umh\u00fcllende Aroma von Tr\u00fcffeln aus. Die S\u00fc\u00dfe des Honigs verbindet sich auf elegante Weise mit dem intensiven, erdigen Geschmack der Tr\u00fcffel und schafft so ein exklusives gastronomisches Erlebnis. Unser Honig eignet sich perfekt zum Verfeinern von reifem K\u00e4se, feinem Fleisch und raffinierten Desserts und verleiht jedem Gericht eine Gourmet-Note. Typ: Nektar mit Tr\u00fcffel. <strong>Zutaten<\/strong>: Akazienhonig 99%, Wei\u00dfer Tr\u00fcffel 1% (Tuber Borchii\u00f9 Vitt), Aroma. <strong>Zus\u00e4tzliche Informationen:<\/strong> Energie 372 kcal, 1556 kJ, Fett 0 g (davon ges\u00e4ttigte Fetts\u00e4uren 0 g), Kohlenhydrate 93,2 g (davon Zucker 93,2 g), Eiwei\u00df 0 g, Ballaststoffe 0 g, Salz 0 g. Herkunft der Zutaten: Europ\u00e4ische Union. Hergestellt in den Marken (Italien). Nettogewicht: 120 g. *    <\/p>\n","protected":false},"featured_media":22170,"template":"","meta":[],"product_brand":[],"product_cat":[15],"product_tag":[252],"class_list":{"0":"post-22793","1":"product","2":"type-product","3":"status-publish","4":"has-post-thumbnail","6":"product_cat-salumi-e-carni","7":"product_tag-borgunto","9":"first","10":"instock","11":"taxable","12":"shipping-taxable","13":"purchasable","14":"product-type-simple"},"_links":{"self":[{"href":"https:\/\/italiansublimefood.com\/de\/wp-json\/wp\/v2\/product\/22793","targetHints":{"allow":["GET"]}}],"collection":[{"href":"https:\/\/italiansublimefood.com\/de\/wp-json\/wp\/v2\/product"}],"about":[{"href":"https:\/\/italiansublimefood.com\/de\/wp-json\/wp\/v2\/types\/product"}],"wp:featuredmedia":[{"embeddable":true,"href":"https:\/\/italiansublimefood.com\/de\/wp-json\/wp\/v2\/media\/22170"}],"wp:attachment":[{"href":"https:\/\/italiansublimefood.com\/de\/wp-json\/wp\/v2\/media?parent=22793"}],"wp:term":[{"taxonomy":"product_brand","embeddable":true,"href":"https:\/\/italiansublimefood.com\/de\/wp-json\/wp\/v2\/product_brand?post=22793"},{"taxonomy":"product_cat","embeddable":true,"href":"https:\/\/italiansublimefood.com\/de\/wp-json\/wp\/v2\/product_cat?post=22793"},{"taxonomy":"product_tag","embeddable":true,"href":"https:\/\/italiansublimefood.com\/de\/wp-json\/wp\/v2\/product_tag?post=22793"}],"curies":[{"name":"wp","href":"https:\/\/api.w.org\/{rel}","templated":true}]}}