{"id":22790,"date":"2024-10-20T18:43:42","date_gmt":"2024-10-20T16:43:42","guid":{"rendered":"https:\/\/italiansublimefood.com\/product\/sommer-trueffel-mayonnaise-90g-borgunto\/"},"modified":"2025-05-05T10:02:32","modified_gmt":"2025-05-05T08:02:32","slug":"sommer-trueffel-mayonnaise-90g-borgunto","status":"publish","type":"product","link":"https:\/\/italiansublimefood.com\/de\/produkt\/sommer-trueffel-mayonnaise-90g-borgunto\/","title":{"rendered":"Sommer-Tr\u00fcffel-Mayonnaise 90g &#8211; Borgunto"},"content":{"rendered":"","protected":false},"excerpt":{"rendered":"<p>Ein unwiderstehlicher kulinarischer Genuss, der die cremige Textur von Mayonnaise mit dem raffinierten Aroma von Sommertr\u00fcffeln kombiniert. Ihr samtiger Geschmack verbindet sich harmonisch mit feinen Fleisch- und Fischgerichten sowie Gourmet-Sandwiches und Salaten und bietet ein einzigartiges und anspruchsvolles gastronomisches Erlebnis. Eine Explosion der Aromen f\u00fcr Tr\u00fcffelliebhaber. <strong>Zutaten<\/strong>: Mayonnaise (Sonnenblumen\u00f6l 70%, Wasser, pasteurisiertes Eigelb (5%), Weinessig, modifizierte Maisst\u00e4rke, Salz, Verdickungsmittel (Xanthan), konzentrierter Zitronensaft (0,15%), Paprikaextrakt, Aroma), schwarze Sommertr\u00fcffel (Tuber Aestivum Vitt) 3%, Aroma, Milchs\u00e4ure. <strong>Allergene<\/strong>: Eier und Derivate. <strong>Zus\u00e4tzliche Informationen:<\/strong> Energie 647 kcal, 2660 kJ, Fett 71 g (davon ges\u00e4ttigte Fetts\u00e4uren 8,5 g), Kohlenhydrate 0,6 g (davon Zucker 0,5 g), Eiwei\u00df 0,8 g, Ballaststoffe 0 g, Salz 1,1 g. Herkunft der Zutaten: Europ\u00e4ische Union. Nettogewicht: 90 g. *     <\/p>\n","protected":false},"featured_media":22166,"template":"","meta":[],"product_brand":[],"product_cat":[15],"product_tag":[],"class_list":{"0":"post-22790","1":"product","2":"type-product","3":"status-publish","4":"has-post-thumbnail","6":"product_cat-salumi-e-carni","8":"first","9":"instock","10":"taxable","11":"shipping-taxable","12":"purchasable","13":"product-type-simple"},"_links":{"self":[{"href":"https:\/\/italiansublimefood.com\/de\/wp-json\/wp\/v2\/product\/22790","targetHints":{"allow":["GET"]}}],"collection":[{"href":"https:\/\/italiansublimefood.com\/de\/wp-json\/wp\/v2\/product"}],"about":[{"href":"https:\/\/italiansublimefood.com\/de\/wp-json\/wp\/v2\/types\/product"}],"wp:featuredmedia":[{"embeddable":true,"href":"https:\/\/italiansublimefood.com\/de\/wp-json\/wp\/v2\/media\/22166"}],"wp:attachment":[{"href":"https:\/\/italiansublimefood.com\/de\/wp-json\/wp\/v2\/media?parent=22790"}],"wp:term":[{"taxonomy":"product_brand","embeddable":true,"href":"https:\/\/italiansublimefood.com\/de\/wp-json\/wp\/v2\/product_brand?post=22790"},{"taxonomy":"product_cat","embeddable":true,"href":"https:\/\/italiansublimefood.com\/de\/wp-json\/wp\/v2\/product_cat?post=22790"},{"taxonomy":"product_tag","embeddable":true,"href":"https:\/\/italiansublimefood.com\/de\/wp-json\/wp\/v2\/product_tag?post=22790"}],"curies":[{"name":"wp","href":"https:\/\/api.w.org\/{rel}","templated":true}]}}