{"id":22789,"date":"2024-10-20T17:46:43","date_gmt":"2024-10-20T15:46:43","guid":{"rendered":"https:\/\/italiansublimefood.com\/product\/chianti-rotwein-borgunto\/"},"modified":"2025-05-05T10:02:32","modified_gmt":"2025-05-05T08:02:32","slug":"chianti-rotwein-borgunto","status":"publish","type":"product","link":"https:\/\/italiansublimefood.com\/de\/produkt\/chianti-rotwein-borgunto\/","title":{"rendered":"Chianti Rotwein &#8211; Borgunto"},"content":{"rendered":"","protected":false},"excerpt":{"rendered":"<p>Chianti Rotwein. Kategorie: Rotwein. Der Wein wird aus Sangiovese-Trauben hergestellt, die durch kleine Mengen anderer Sorten wie Canaiolo nero, Trebbiano Toscano und Malvasia erg\u00e4nzt werden. Die Weinberge befinden sich auf h\u00fcgeligem Land, das perfekt nach S\u00fcden ausgerichtet ist, um die h\u00f6chste Qualit\u00e4t der Trauben zu garantieren und dem Wein die einzigartigen Eigenschaften des Chianti zu verleihen. <strong>Verkostungsnotizen: <\/strong><strong>Farbe:<\/strong> leuchtendes Rubinrot. <strong>Nase:<\/strong> fruchtig (Johannisbeeren, Brombeeren), blumig (Feldveilchen). <strong>Geschmack:<\/strong> frisch, w\u00fcrzig und samtig. <strong>Empfohlene Kombinationen: <\/strong>Passt zu Braten, gegrilltem Fleisch, Wild und K\u00e4se. <strong>ERN\u00c4HRUNGSANGABEN:<\/strong> Durchschnittswerte pro Portion (150ml) pro AR*: Energie 124 kcal 6%, 518 kJ 6%, Fett 0 g 0%, Ges\u00e4ttigtes Fett 0 g 0%, Einfach unges\u00e4ttigtes Fett 0 g 0%, Mehrfach unges\u00e4ttigtes Fett 0 g 0%, Kohlenhydrate 4,01 g 2%, Zucker 1,17 g 1%, Ballaststoffe 0 0%, Eiwei\u00df 0,1 g 0%, Salz 0,02 g 0%, Cholesterin 0 mg 0%, Kalium 146 mg 7%. <strong>Alkoholgehalt<\/strong>: 13% Vol. <strong>Serviertemperatur:<\/strong> 18-21\u00b0 C. *          <\/p>\n","protected":false},"featured_media":22137,"template":"","meta":[],"product_brand":[],"product_cat":[15],"product_tag":[],"class_list":{"0":"post-22789","1":"product","2":"type-product","3":"status-publish","4":"has-post-thumbnail","6":"product_cat-salumi-e-carni","8":"first","9":"instock","10":"taxable","11":"shipping-taxable","12":"purchasable","13":"product-type-simple"},"_links":{"self":[{"href":"https:\/\/italiansublimefood.com\/de\/wp-json\/wp\/v2\/product\/22789","targetHints":{"allow":["GET"]}}],"collection":[{"href":"https:\/\/italiansublimefood.com\/de\/wp-json\/wp\/v2\/product"}],"about":[{"href":"https:\/\/italiansublimefood.com\/de\/wp-json\/wp\/v2\/types\/product"}],"wp:featuredmedia":[{"embeddable":true,"href":"https:\/\/italiansublimefood.com\/de\/wp-json\/wp\/v2\/media\/22137"}],"wp:attachment":[{"href":"https:\/\/italiansublimefood.com\/de\/wp-json\/wp\/v2\/media?parent=22789"}],"wp:term":[{"taxonomy":"product_brand","embeddable":true,"href":"https:\/\/italiansublimefood.com\/de\/wp-json\/wp\/v2\/product_brand?post=22789"},{"taxonomy":"product_cat","embeddable":true,"href":"https:\/\/italiansublimefood.com\/de\/wp-json\/wp\/v2\/product_cat?post=22789"},{"taxonomy":"product_tag","embeddable":true,"href":"https:\/\/italiansublimefood.com\/de\/wp-json\/wp\/v2\/product_tag?post=22789"}],"curies":[{"name":"wp","href":"https:\/\/api.w.org\/{rel}","templated":true}]}}