{"id":22786,"date":"2024-10-20T18:35:32","date_gmt":"2024-10-20T16:35:32","guid":{"rendered":"https:\/\/italiansublimefood.com\/product\/weisse-trueffelbutter-80g-borgunto\/"},"modified":"2025-05-05T10:02:32","modified_gmt":"2025-05-05T08:02:32","slug":"weisse-trueffelbutter-80g-borgunto","status":"publish","type":"product","link":"https:\/\/italiansublimefood.com\/de\/produkt\/weisse-trueffelbutter-80g-borgunto\/","title":{"rendered":"Wei\u00dfe Tr\u00fcffelbutter 80g &#8211; Borgunto"},"content":{"rendered":"","protected":false},"excerpt":{"rendered":"<p>Luxus im Glas: Die Buttercreme mit Bianchetto-Tr\u00fcffel und wei\u00dfem Tr\u00fcffel wird aus Rohstoffen kontrollierter Herkunft hergestellt und eignet sich ideal zur Versch\u00f6nerung Ihrer Gerichte oder als raffiniertes Geschenk. Art: Butter mit Tr\u00fcffel. <strong>Zutaten<\/strong>: Butter 93,5%, Bianchetto-Tr\u00fcffel 6%, (Tuber Borchii oder Albidum Pico), Wei\u00dfer Tr\u00fcffel 0,5% (Tuber Magnatum Pico), Aromen. Kann Spuren von Tuber Brumale enthalten. <strong>Allergene:<\/strong> Butter Produziert in: Marken (Italien) Nettogewicht: 50 g. <strong>N\u00e4hrwertangaben: <\/strong>Energie 708 kcal 35%, 2962 kJ 35%, Fett 77,9 g 111% (davon ges\u00e4ttigte Fetts\u00e4uren 69,1 g)346%, Kohlenhydrate 0 g 0% (davon Zucker 0 g 0%), Protein 1,6 g 3%, Salz 0 g 0%. *  <\/p>\n<p>&nbsp;<\/p>\n","protected":false},"featured_media":22161,"template":"","meta":[],"product_brand":[],"product_cat":[15],"product_tag":[],"class_list":{"0":"post-22786","1":"product","2":"type-product","3":"status-publish","4":"has-post-thumbnail","6":"product_cat-salumi-e-carni","8":"first","9":"instock","10":"taxable","11":"shipping-taxable","12":"purchasable","13":"product-type-simple"},"_links":{"self":[{"href":"https:\/\/italiansublimefood.com\/de\/wp-json\/wp\/v2\/product\/22786","targetHints":{"allow":["GET"]}}],"collection":[{"href":"https:\/\/italiansublimefood.com\/de\/wp-json\/wp\/v2\/product"}],"about":[{"href":"https:\/\/italiansublimefood.com\/de\/wp-json\/wp\/v2\/types\/product"}],"wp:featuredmedia":[{"embeddable":true,"href":"https:\/\/italiansublimefood.com\/de\/wp-json\/wp\/v2\/media\/22161"}],"wp:attachment":[{"href":"https:\/\/italiansublimefood.com\/de\/wp-json\/wp\/v2\/media?parent=22786"}],"wp:term":[{"taxonomy":"product_brand","embeddable":true,"href":"https:\/\/italiansublimefood.com\/de\/wp-json\/wp\/v2\/product_brand?post=22786"},{"taxonomy":"product_cat","embeddable":true,"href":"https:\/\/italiansublimefood.com\/de\/wp-json\/wp\/v2\/product_cat?post=22786"},{"taxonomy":"product_tag","embeddable":true,"href":"https:\/\/italiansublimefood.com\/de\/wp-json\/wp\/v2\/product_tag?post=22786"}],"curies":[{"name":"wp","href":"https:\/\/api.w.org\/{rel}","templated":true}]}}