{"id":22781,"date":"2024-09-26T09:39:46","date_gmt":"2024-09-26T07:39:46","guid":{"rendered":"https:\/\/italiansublimefood.com\/product\/gesalzter-tuna-150g-tonnomaremio\/"},"modified":"2025-05-05T10:02:32","modified_gmt":"2025-05-05T08:02:32","slug":"gesalzter-thunfisch-150g-tonnomaremio","status":"publish","type":"product","link":"https:\/\/italiansublimefood.com\/de\/produkt\/gesalzter-thunfisch-150g-tonnomaremio\/","title":{"rendered":"GESALZTER THUNFISCH 150g &#8211; TONNOMAREMIO"},"content":{"rendered":"","protected":false},"excerpt":{"rendered":"<p>Produkte der Spitzenklasse. Gesalzener Thunfisch ist ein Produkt, das aus frischem Blauflossenthunfisch aus dem Mittelmeer hergestellt wird. Nach der Verarbeitung mit Salz wird er in speziellen Anlagen gew\u00fcrzt, die ein ideales Mikroklima f\u00fcr die Verarbeitung des Produkts reproduzieren k\u00f6nnen. Verwendung: Der Geschmack des gesalzenen Thunfischs ist sehr umh\u00fcllend und kr\u00e4ftig. Er kann als Vorspeise verwendet werden, in kleine W\u00fcrfel geschnitten (falls n\u00f6tig, kann er vorher in flie\u00dfendem Wasser entsalzt werden), er kann auch mit einem Tomaten- und Gurkensalat kombiniert werden.<br \/>\n ZUS\u00c4TZLICHE INFORMATIONEN &#8211; Gesalzener Thunfisch ist ein Produkt aus frischem Blauflossenthunfisch aus dem Mittelmeer.      Es enth\u00e4lt keine Konservierungsstoffe oder andere zus\u00e4tzliche Substanzen. Er wird nach den alten Techniken der lokalen Handwerker verarbeitet. ZUTATEN: Thunfischfilet (Thunnus albacares), Meersalz. ALLERGIEN: Fisch (Thunfisch). VERPACKUNG: Vakuumverpackter Beutel. ORGANOLEPTISCHE EIGENSCHAFTEN \u00c4u\u00dferes: angenehm. Farbe: rosafarben mit Tendenz zu bernsteinfarben. Geruch: typisch. Geschmack: salzig. LAGERUNG: vor dem \u00d6ffnen zwischen 0\u00b0C und 4\u00b0C lagern, nach dem \u00d6ffnen zwischen 0\u00b0c und 4\u00b0C lagern. Innerhalb von 20 Tagen verbrauchen. ERN\u00c4HRUNGSWERT (Durchschnittswerte pro 100 g des Produkts) ENERGIE KJ\/Kcal: 648\/154. FETTE: 5,9 g (davon ges\u00e4ttigte Fetts\u00e4uren: 2,9 g). KARBOHYDRATE: 0,0g (davon Zucker: 0,0g). PROTEINE: 25,3g. -SALZ 25,0g. MIKROBIOLOGISCHE EIGENSCHAFTEN (Grenzwerte). &lt;CMBT: 10ufc\/g. &lt;ENTEROBACTERIACE: 10ufc\/g. &lt;STAPHYLOCOCKS COAGULASIS: 10ufc\/g. -SALMONELLA SPP: Abwesend\/25g. LISTERIA MONOCYTOGENES: Abwesend\/25g. CHEMISCHE\/PHYSIKALISCHE EIGENSCHAFTEN (Grenzwertreferenzwerte) HISTAMIN: 0 *                       <\/p>\n","protected":false},"featured_media":20952,"template":"","meta":[],"product_brand":[],"product_cat":[15],"product_tag":[281],"class_list":{"0":"post-22781","1":"product","2":"type-product","3":"status-publish","4":"has-post-thumbnail","6":"product_cat-salumi-e-carni","7":"product_tag-tonno-mare-mio","9":"first","10":"instock","11":"taxable","12":"shipping-taxable","13":"purchasable","14":"product-type-simple"},"_links":{"self":[{"href":"https:\/\/italiansublimefood.com\/de\/wp-json\/wp\/v2\/product\/22781","targetHints":{"allow":["GET"]}}],"collection":[{"href":"https:\/\/italiansublimefood.com\/de\/wp-json\/wp\/v2\/product"}],"about":[{"href":"https:\/\/italiansublimefood.com\/de\/wp-json\/wp\/v2\/types\/product"}],"wp:featuredmedia":[{"embeddable":true,"href":"https:\/\/italiansublimefood.com\/de\/wp-json\/wp\/v2\/media\/20952"}],"wp:attachment":[{"href":"https:\/\/italiansublimefood.com\/de\/wp-json\/wp\/v2\/media?parent=22781"}],"wp:term":[{"taxonomy":"product_brand","embeddable":true,"href":"https:\/\/italiansublimefood.com\/de\/wp-json\/wp\/v2\/product_brand?post=22781"},{"taxonomy":"product_cat","embeddable":true,"href":"https:\/\/italiansublimefood.com\/de\/wp-json\/wp\/v2\/product_cat?post=22781"},{"taxonomy":"product_tag","embeddable":true,"href":"https:\/\/italiansublimefood.com\/de\/wp-json\/wp\/v2\/product_tag?post=22781"}],"curies":[{"name":"wp","href":"https:\/\/api.w.org\/{rel}","templated":true}]}}