{"id":17822,"date":"2024-04-11T12:01:25","date_gmt":"2024-04-11T10:01:25","guid":{"rendered":"https:\/\/useful-things.shop\/wordpress\/product\/fusilloni-konditorei-graziano\/"},"modified":"2025-05-05T10:01:57","modified_gmt":"2025-05-05T08:01:57","slug":"fusilloni-pastificio-graziano","status":"publish","type":"product","link":"https:\/\/italiansublimefood.com\/de\/produkt\/fusilloni-pastificio-graziano\/","title":{"rendered":"Fusilloni &#8211; Pastificio Graziano"},"content":{"rendered":"","protected":false},"excerpt":{"rendered":"<p><strong>Hartweizengrie\u00df 100% italienisch.<\/strong> Packung \u00e0 500 g. Durch Bronzeformen gezogen. Langsame Trocknung bei niedriger Temperatur. Spezialformat. Kochzeit: 9-11 Minuten.<br \/>\n<strong>Zutaten:<\/strong> Hartweizengrie\u00df, Wasser. Durchschnittliche N\u00e4hrwerte pro 100 g: Energie 1492 KJ \/ 352 Kcal, Fett 0,5 g (davon ges\u00e4ttigte Fetts\u00e4uren 0,3 g), Kohlenhydrate 74 g (davon Zucker 1,8 g), Ballaststoffe 3,5 g, Eiwei\u00df 13 g, Salz 0,03 g.<\/p>\n","protected":false},"featured_media":15521,"template":"","meta":[],"product_brand":[],"product_cat":[15],"product_tag":[244],"class_list":{"0":"post-17822","1":"product","2":"type-product","3":"status-publish","4":"has-post-thumbnail","6":"product_cat-salumi-e-carni","7":"product_tag-pastificio-graziano-2","9":"first","10":"instock","11":"taxable","12":"shipping-taxable","13":"purchasable","14":"product-type-simple"},"_links":{"self":[{"href":"https:\/\/italiansublimefood.com\/de\/wp-json\/wp\/v2\/product\/17822","targetHints":{"allow":["GET"]}}],"collection":[{"href":"https:\/\/italiansublimefood.com\/de\/wp-json\/wp\/v2\/product"}],"about":[{"href":"https:\/\/italiansublimefood.com\/de\/wp-json\/wp\/v2\/types\/product"}],"wp:featuredmedia":[{"embeddable":true,"href":"https:\/\/italiansublimefood.com\/de\/wp-json\/wp\/v2\/media\/15521"}],"wp:attachment":[{"href":"https:\/\/italiansublimefood.com\/de\/wp-json\/wp\/v2\/media?parent=17822"}],"wp:term":[{"taxonomy":"product_brand","embeddable":true,"href":"https:\/\/italiansublimefood.com\/de\/wp-json\/wp\/v2\/product_brand?post=17822"},{"taxonomy":"product_cat","embeddable":true,"href":"https:\/\/italiansublimefood.com\/de\/wp-json\/wp\/v2\/product_cat?post=17822"},{"taxonomy":"product_tag","embeddable":true,"href":"https:\/\/italiansublimefood.com\/de\/wp-json\/wp\/v2\/product_tag?post=17822"}],"curies":[{"name":"wp","href":"https:\/\/api.w.org\/{rel}","templated":true}]}}