{"id":17762,"date":"2024-04-09T11:06:01","date_gmt":"2024-04-09T09:06:01","guid":{"rendered":"https:\/\/useful-things.shop\/wordpress\/product\/conchiglioni-konditorei-graziano\/"},"modified":"2025-05-05T10:01:54","modified_gmt":"2025-05-05T08:01:54","slug":"conchiglioni-pastificio-graziano","status":"publish","type":"product","link":"https:\/\/italiansublimefood.com\/de\/produkt\/conchiglioni-pastificio-graziano\/","title":{"rendered":"Conchiglioni &#8211; Pastificio Graziano"},"content":{"rendered":"","protected":false},"excerpt":{"rendered":"<p>100% italienischer Hartweizengrie\u00df. Vollkorn. Langsame Trocknung bei niedriger Temperatur. <strong>Bronzegezogen.<\/strong> Spezialform. Packung \u00e0 500g.<strong> Kochzeit 9\/11 <\/strong>Minuten<strong>. <\/strong><strong>Zutaten<\/strong>: Hartweizengrie\u00df, Wasser. <strong>N\u00e4hrwerte pro 100g<\/strong>: Energie 1492KJ\/352Kcal, Fett 0,5g (davon ges\u00e4ttigte Fetts\u00e4uren 0,3g), Kohlenhydrate 74g (davon Zucker 1,8g), Ballaststoffe 3,5g, Eiwei\u00df 13g, Salz 0,03g.<\/p>\n","protected":false},"featured_media":15433,"template":"","meta":[],"product_brand":[],"product_cat":[15],"product_tag":[244],"class_list":{"0":"post-17762","1":"product","2":"type-product","3":"status-publish","4":"has-post-thumbnail","6":"product_cat-salumi-e-carni","7":"product_tag-pastificio-graziano-2","9":"first","10":"instock","11":"taxable","12":"shipping-taxable","13":"purchasable","14":"product-type-simple"},"_links":{"self":[{"href":"https:\/\/italiansublimefood.com\/de\/wp-json\/wp\/v2\/product\/17762","targetHints":{"allow":["GET"]}}],"collection":[{"href":"https:\/\/italiansublimefood.com\/de\/wp-json\/wp\/v2\/product"}],"about":[{"href":"https:\/\/italiansublimefood.com\/de\/wp-json\/wp\/v2\/types\/product"}],"wp:featuredmedia":[{"embeddable":true,"href":"https:\/\/italiansublimefood.com\/de\/wp-json\/wp\/v2\/media\/15433"}],"wp:attachment":[{"href":"https:\/\/italiansublimefood.com\/de\/wp-json\/wp\/v2\/media?parent=17762"}],"wp:term":[{"taxonomy":"product_brand","embeddable":true,"href":"https:\/\/italiansublimefood.com\/de\/wp-json\/wp\/v2\/product_brand?post=17762"},{"taxonomy":"product_cat","embeddable":true,"href":"https:\/\/italiansublimefood.com\/de\/wp-json\/wp\/v2\/product_cat?post=17762"},{"taxonomy":"product_tag","embeddable":true,"href":"https:\/\/italiansublimefood.com\/de\/wp-json\/wp\/v2\/product_tag?post=17762"}],"curies":[{"name":"wp","href":"https:\/\/api.w.org\/{rel}","templated":true}]}}