{"id":18249,"date":"2024-06-25T18:10:59","date_gmt":"2024-06-25T16:10:59","guid":{"rendered":"https:\/\/useful-things.shop\/wordpress\/bedingungen-fuer-die-rueckgabe\/"},"modified":"2024-06-25T18:31:39","modified_gmt":"2024-06-25T16:31:39","slug":"bedingungen-fuer-die-rueckgabe","status":"publish","type":"page","link":"https:\/\/italiansublimefood.com\/de\/bedingungen-fuer-die-rueckgabe\/","title":{"rendered":"Bedingungen f\u00fcr die R\u00fcckgabe"},"content":{"rendered":"\n<p>1. R\u00fcckgabeverfahren<br\/>Um das Widerrufsrecht auszu\u00fcben, muss der Kunde UL\\ISF eine schriftliche Mitteilung per E-Mail an <strong>info@italiansublimefood.com<\/strong> oder per Einschreiben mit R\u00fcckschein an die folgende Adresse senden Neapel, Italien, via Gianturco 66, C\/O Soluzioni Italia Napoli<\/p>\n\n<p>2. Bedingungen f\u00fcr die R\u00fcckgabe<br\/>Das Widerrufsrecht unterliegt den folgenden Bedingungen:<br\/>&#8211; Das zur\u00fcckgegebene Produkt muss unversehrt sein und in der Originalverpackung zur\u00fcckgegeben werden, die in allen Teilen vollst\u00e4ndig ist (einschlie\u00dflich Verpackung und Zusatzdokumentation).<br\/>&#8211; Die Versandkosten f\u00fcr die R\u00fccksendung der Waren gehen zu Lasten des Kunden.<br\/>&#8211; Die R\u00fccksendung muss innerhalb von 14 Arbeitstagen ab dem Datum der R\u00fccktrittsmitteilung an UL\\ISF gesendet werden.<\/p>\n\n<p>3. Erstattung<br\/>UL\\ISF wird dem Kunden innerhalb von 14 Tagen nach Erhalt der R\u00fccktrittserkl\u00e4rung den gesamten bereits bezahlten Betrag ohne Versandkosten zur\u00fcckerstatten, und zwar mit demselben Zahlungsmittel, das der Kunde f\u00fcr die urspr\u00fcngliche Transaktion verwendet hat, sofern nichts anderes vereinbart wurde.<\/p>\n\n<p>4. Nicht zur\u00fccknehmbare Produkte<br\/>Das Widerrufsrecht kann nicht ausge\u00fcbt werden f\u00fcr Lebensmittel, die schnell verderben oder ablaufen k\u00f6nnen, f\u00fcr versiegelte Produkte, die aus hygienischen oder gesundheitlichen Gr\u00fcnden nicht zur R\u00fcckgabe geeignet sind und nach der Lieferung ge\u00f6ffnet wurden.<\/p>\n\n<p>5. Kundenbetreuung<br\/>Bei Fragen kann sich der Kunde an den Kundendienst von UL\\ISF unter der Nummer +39 3761787129 oder per E-Mail an <strong>info@italiansublimefood.com<\/strong> oder \u00fcber den Chat auf der UL\\ISF Website von Montag bis Freitag zwischen 10 und 13 Uhr und zwischen 14 und 18 Uhr italienischer Zeit wenden. Anfragen, die nach Gesch\u00e4ftsschluss gestellt werden, werden am n\u00e4chsten Werktag bearbeitet.<\/p>\n\n<p>3. Fehlersuche<br\/>Bei Problemen mit einer Bestellung oder einem Produkt kann sich der Kunde so schnell wie m\u00f6glich an den Kundendienst wenden unter nein. +39 3761787129, damit die Angelegenheit so schnell und effizient wie m\u00f6glich gekl\u00e4rt werden kann.<\/p>\n\n<p>4. Reklamationen<br\/>Beschwerden k\u00f6nnen per E-Mail oder Einschreiben an unsere Adresse<strong>(info@italiansublimefood.com)<\/strong> geschickt werden. Wir werden innerhalb von 7 Werktagen antworten.<\/p>\n\n<p>5. Allgemeine Informationen<br\/>Weitere Informationen zu unseren Produkten, Verkaufs- und R\u00fcckgaberegeln finden Sie im FAQ-Bereich unserer Website oder wenden Sie sich direkt an unseren Kundenservice.<\/p>\n","protected":false},"excerpt":{"rendered":"<p>1. R\u00fcckgabeverfahrenUm das Widerrufsrecht auszu\u00fcben, muss der Kunde UL\\ISF eine schriftliche Mitteilung per E-Mail an info@italiansublimefood.com oder per Einschreiben mit R\u00fcckschein an die folgende Adresse senden Neapel, Italien, via Gianturco 66, C\/O Soluzioni Italia Napoli 2. Bedingungen f\u00fcr die R\u00fcckgabeDas Widerrufsrecht unterliegt den folgenden Bedingungen:&#8211; Das zur\u00fcckgegebene Produkt muss unversehrt sein und in der Originalverpackung&#8230;<\/p>\n","protected":false},"author":7,"featured_media":0,"parent":0,"menu_order":0,"comment_status":"closed","ping_status":"closed","template":"","meta":{"footnotes":""},"class_list":["post-18249","page","type-page","status-publish","hentry","page--item"],"_links":{"self":[{"href":"https:\/\/italiansublimefood.com\/de\/wp-json\/wp\/v2\/pages\/18249","targetHints":{"allow":["GET"]}}],"collection":[{"href":"https:\/\/italiansublimefood.com\/de\/wp-json\/wp\/v2\/pages"}],"about":[{"href":"https:\/\/italiansublimefood.com\/de\/wp-json\/wp\/v2\/types\/page"}],"author":[{"embeddable":true,"href":"https:\/\/italiansublimefood.com\/de\/wp-json\/wp\/v2\/users\/7"}],"replies":[{"embeddable":true,"href":"https:\/\/italiansublimefood.com\/de\/wp-json\/wp\/v2\/comments?post=18249"}],"version-history":[{"count":0,"href":"https:\/\/italiansublimefood.com\/de\/wp-json\/wp\/v2\/pages\/18249\/revisions"}],"wp:attachment":[{"href":"https:\/\/italiansublimefood.com\/de\/wp-json\/wp\/v2\/media?parent=18249"}],"curies":[{"name":"wp","href":"https:\/\/api.w.org\/{rel}","templated":true}]}}